{"id":1809,"date":"2022-05-02T15:25:36","date_gmt":"2022-05-02T13:25:36","guid":{"rendered":"https:\/\/regjeringsadvokaten.no\/klieanttaide\/"},"modified":"2024-01-03T12:26:43","modified_gmt":"2024-01-03T11:26:43","slug":"klieanttaide","status":"publish","type":"page","link":"https:\/\/regjeringsadvokaten.no\/se\/klieanttaide\/","title":{"rendered":"Klieanttaide"},"content":{"rendered":"\n<section class=\"wp-block-uagb-columns uagb-columns__wrap uagb-columns__background-color uagb-columns__stack-mobile uagb-columns__valign- uagb-columns__gap-10 alignfull uagb-block-f93639be uagb-columns__columns-1 uagb-columns__max_width-theme page-title-container\"><div class=\"uagb-columns__overlay\"><\/div><div class=\"uagb-columns__inner-wrap uagb-columns__columns-1\">\n<div class=\"wp-block-uagb-column uagb-column__wrap uagb-column__background-undefined uagb-block-f575287f\"><div class=\"uagb-column__overlay\"><\/div><h1 class=\"wp-block-post-title\">Klieanttaide<\/h1><\/div>\n<\/div><\/section>\n\n\n\n<section class=\"wp-block-uagb-columns uagb-columns__wrap uagb-columns__background-color uagb-columns__stack-mobile uagb-columns__valign-center uagb-columns__gap-10 alignfull uagb-block-0426b3b4 uagb-columns__columns-2 uagb-columns__max_width-theme\"><div class=\"uagb-columns__overlay\"><\/div><div class=\"uagb-columns__inner-wrap uagb-columns__columns-2\">\n<div class=\"wp-block-uagb-column uagb-column__wrap uagb-column__background-undefined uagb-block-d6553fb7\"><div class=\"uagb-column__overlay\"><\/div>\n<p class=\"has-text-align-left\">R\u00e1\u0111\u0111ehusadvok\u00e1htta jo\u0111iha riekte\u00e1\u0161\u0161iid st\u00e1hta ovddas ja add\u00e1 juridihkala\u0161 r\u00e1vvagiid st\u00e1htala\u0161 org\u00e1naide. Leat du\u0161\u0161e departemeanttat mat njuolga s\u00e1httet jearrat R\u00e1\u0111\u0111ehusadvok\u00e1htas veahki. Jearaldagat vuolit org\u00e1nain galget mannat f\u00e1gadepartemeantta bokte ja dainna ovttas. Geah\u010da mu\u0111ui <a href=\"https:\/\/www.regjeringen.no\/no\/dokumenter\/foreleggelse-av-saker-for-regjeringsadvokaten\/id2908749\/\">R\u00e1\u0111\u0111ehusadvok\u00e1hta njuolggadusaid \u00e1\u0161\u0161iid diehttevassii addima<\/a> birra maid St\u00e1htaministara kantuvra lea r\u00e1hkadan.<\/p>\n\n\n\n<p>Jearaldagaid s\u00e1htt\u00e1 njulget min telefovdnaguovdd\u00e1\u017eii (<a href=\"mailto:postmottak@regjeringsadvokaten.no\">postmottak@regjeringsadvokaten.no<\/a> \/ 22 99 02 00) dahje muhtun min jo\u0111iheaddji advok\u00e1htaide, geah\u010da vuollelis.<\/p>\n<\/div>\n\n\n\n<div class=\"wp-block-uagb-column uagb-column__wrap uagb-column__background-undefined uagb-block-f3470346\"><div class=\"uagb-column__overlay\"><\/div>\n<figure class=\"wp-block-image size-large has-custom-border\"><img decoding=\"async\" width=\"1024\" height=\"1024\" src=\"https:\/\/regjeringsadvokaten.no\/wp-content\/uploads\/2022\/06\/notatbok-penn-1024x1024.jpg\" alt=\"Govva b\u00e1berblohkas ja peannas mas lea R\u00e1\u0111\u0111ehusadvok\u00e1htaid logo.\" class=\"wp-image-1603\" style=\"border-radius:0px\" srcset=\"https:\/\/regjeringsadvokaten.no\/wp-content\/uploads\/2022\/06\/notatbok-penn-1024x1024.jpg 1024w, https:\/\/regjeringsadvokaten.no\/wp-content\/uploads\/2022\/06\/notatbok-penn-300x300.jpg 300w, https:\/\/regjeringsadvokaten.no\/wp-content\/uploads\/2022\/06\/notatbok-penn-150x150.jpg 150w, https:\/\/regjeringsadvokaten.no\/wp-content\/uploads\/2022\/06\/notatbok-penn-768x768.jpg 768w, https:\/\/regjeringsadvokaten.no\/wp-content\/uploads\/2022\/06\/notatbok-penn-1536x1536.jpg 1536w, https:\/\/regjeringsadvokaten.no\/wp-content\/uploads\/2022\/06\/notatbok-penn-400x400.jpg 400w, https:\/\/regjeringsadvokaten.no\/wp-content\/uploads\/2022\/06\/notatbok-penn.jpg 1920w\" sizes=\"(max-width: 1024px) 100vw, 1024px\" \/><\/figure>\n<\/div>\n<\/div><\/section>\n\n\n\n<section class=\"wp-block-uagb-columns uagb-columns__wrap uagb-columns__background-color uagb-columns__stack-mobile uagb-columns__valign- uagb-columns__gap-10 alignfull uagb-block-61607f59 uagb-columns__columns-1 uagb-columns__max_width-theme\"><div class=\"uagb-columns__overlay\"><\/div><div class=\"uagb-columns__inner-wrap uagb-columns__columns-1\">\n<div class=\"wp-block-uagb-column uagb-column__wrap uagb-column__background-undefined uagb-block-50c9b0ad\"><div class=\"uagb-column__overlay\"><\/div><div class=\"ansatteFilter\">\n  <div class=\"ansatteFilter__filter\">\n    <div class=\"ansatteFilter__filter--categories\">\n      <!-- \"All\" button to reset filters -->\n      <button class=\"category-button active\" data-category=\"all\">Alle<\/button>\n                <button class=\"category-button\" data-category=\"132\">\n            D\u00e1b\u00e1la\u0161 h\u00e1ldda\u0161an- ja buhtadanriekti          <\/button>\n                <button class=\"category-button\" data-category=\"134\">\n            Bargoriekti          <\/button>\n                <button class=\"category-button\" data-category=\"138\">\n            Divatriekti          <\/button>\n                <button class=\"category-button\" data-category=\"140\">\n            EES-riekti          <\/button>\n                <button class=\"category-button\" data-category=\"141\">\n            Ruon\u00e1 riekti          <\/button>\n                <button class=\"category-button\" data-category=\"142\">\n            Dearvva\u0161vuo\u0111ariekti          <\/button>\n                <button class=\"category-button\" data-category=\"143\">\n            Riikkaidgaskasa\u0161 riekti\/olmmo\u0161vuoigatvuo\u0111at          <\/button>\n                <button class=\"category-button\" data-category=\"146\">\n            Jo\u0111iheaddji advok\u00e1htta          <\/button>\n                <button class=\"category-button\" data-category=\"147\">\n            Eal\u00e1husriekti          <\/button>\n                <button class=\"category-button\" data-category=\"148\">\n            Almmola\u0161 h\u00e1hkamat          <\/button>\n                <button class=\"category-button\" data-category=\"154\">\n            Siviilaproseassa          <\/button>\n                <button class=\"category-button\" data-category=\"156\">\n            St\u00e1htah\u00e1ldda\u0161anriekti ja almmola\u0161vuohta\/geah\u010dadeapmi          <\/button>\n                <button class=\"category-button\" data-category=\"157\">\n            R\u00e1\u014bgg\u00e1\u0161tusguoskeva\u0161 riekti          <\/button>\n                <button class=\"category-button\" data-category=\"158\">\n            Oadju ja pen\u0161uvdna          <\/button>\n                <button class=\"category-button\" data-category=\"159\">\n            Olgoriikala\u010d\u010daidriekti          <\/button>\n          <\/div>\n  <\/div>\n  <div class=\"ansatteFilter--wrap kontaktPerson--wrap three-col-grid\" id=\"designation-ajax\">\n    <!-- Articles will be loaded here by AJAX -->\n  <\/div>\n<\/div>\n<\/div>\n<\/div><\/section>\n","protected":false},"excerpt":{"rendered":"<p>R\u00e1\u0111\u0111ehusadvok\u00e1htta jo\u0111iha riekte\u00e1\u0161\u0161iid st\u00e1hta ovddas ja add\u00e1 juridihkala\u0161 r\u00e1vvagiid st\u00e1htala\u0161 org\u00e1naide. Leat du\u0161\u0161e departemeanttat mat njuolga s\u00e1httet jearrat R\u00e1\u0111\u0111ehusadvok\u00e1htas veahki. Jearaldagat vuolit org\u00e1nain galget mannat f\u00e1gadepartemeantta bokte ja dainna ovttas. [&hellip;]<\/p>\n","protected":false},"author":1,"featured_media":0,"parent":0,"menu_order":5,"comment_status":"closed","ping_status":"closed","template":"","meta":{"_acf_changed":false,"_uag_custom_page_level_css":"","site-sidebar-layout":"default","site-content-layout":"","ast-site-content-layout":"default","site-content-style":"default","site-sidebar-style":"default","ast-global-header-display":"","ast-banner-title-visibility":"","ast-main-header-display":"","ast-hfb-above-header-display":"","ast-hfb-below-header-display":"","ast-hfb-mobile-header-display":"","site-post-title":"disabled","ast-breadcrumbs-content":"disabled","ast-featured-img":"","footer-sml-layout":"","ast-disable-related-posts":"","theme-transparent-header-meta":"","adv-header-id-meta":"","stick-header-meta":"","header-above-stick-meta":"","header-main-stick-meta":"","header-below-stick-meta":"","astra-migrate-meta-layouts":"set","ast-page-background-enabled":"default","ast-page-background-meta":{"desktop":{"background-color":"var(--ast-global-color-4)","background-image":"","background-repeat":"repeat","background-position":"center center","background-size":"auto","background-attachment":"scroll","background-type":"","background-media":"","overlay-type":"","overlay-color":"","overlay-opacity":"","overlay-gradient":""},"tablet":{"background-color":"","background-image":"","background-repeat":"repeat","background-position":"center center","background-size":"auto","background-attachment":"scroll","background-type":"","background-media":"","overlay-type":"","overlay-color":"","overlay-opacity":"","overlay-gradient":""},"mobile":{"background-color":"","background-image":"","background-repeat":"repeat","background-position":"center center","background-size":"auto","background-attachment":"scroll","background-type":"","background-media":"","overlay-type":"","overlay-color":"","overlay-opacity":"","overlay-gradient":""}},"ast-content-background-meta":{"desktop":{"background-color":"var(--ast-global-color-5)","background-image":"","background-repeat":"repeat","background-position":"center center","background-size":"auto","background-attachment":"scroll","background-type":"","background-media":"","overlay-type":"","overlay-color":"","overlay-opacity":"","overlay-gradient":""},"tablet":{"background-color":"var(--ast-global-color-5)","background-image":"","background-repeat":"repeat","background-position":"center center","background-size":"auto","background-attachment":"scroll","background-type":"","background-media":"","overlay-type":"","overlay-color":"","overlay-opacity":"","overlay-gradient":""},"mobile":{"background-color":"var(--ast-global-color-5)","background-image":"","background-repeat":"repeat","background-position":"center center","background-size":"auto","background-attachment":"scroll","background-type":"","background-media":"","overlay-type":"","overlay-color":"","overlay-opacity":"","overlay-gradient":""}},"footnotes":""},"class_list":["post-1809","page","type-page","status-publish","hentry"],"acf":[],"yoast_head":"<!-- This site is optimized with the Yoast SEO plugin v26.8 - https:\/\/yoast.com\/product\/yoast-seo-wordpress\/ -->\n<title>Klieanttaide - R\u00e1\u0111\u0111ehusadvok\u00e1htta<\/title>\n<meta name=\"robots\" content=\"index, follow, max-snippet:-1, max-image-preview:large, max-video-preview:-1\" \/>\n<link rel=\"canonical\" href=\"https:\/\/regjeringsadvokaten.no\/se\/klieanttaide\/\" \/>\n<meta property=\"og:locale\" content=\"se_NO\" \/>\n<meta property=\"og:type\" content=\"article\" \/>\n<meta property=\"og:title\" content=\"Klieanttaide - R\u00e1\u0111\u0111ehusadvok\u00e1htta\" \/>\n<meta property=\"og:description\" content=\"R\u00e1\u0111\u0111ehusadvok\u00e1htta jo\u0111iha riekte\u00e1\u0161\u0161iid st\u00e1hta ovddas ja add\u00e1 juridihkala\u0161 r\u00e1vvagiid st\u00e1htala\u0161 org\u00e1naide. Leat du\u0161\u0161e departemeanttat mat njuolga s\u00e1httet jearrat R\u00e1\u0111\u0111ehusadvok\u00e1htas veahki. Jearaldagat vuolit org\u00e1nain galget mannat f\u00e1gadepartemeantta bokte ja dainna ovttas. [&hellip;]\" \/>\n<meta property=\"og:url\" content=\"https:\/\/regjeringsadvokaten.no\/se\/klieanttaide\/\" \/>\n<meta property=\"og:site_name\" content=\"R\u00e1\u0111\u0111ehusadvok\u00e1htta\" \/>\n<meta property=\"article:modified_time\" content=\"2024-01-03T11:26:43+00:00\" \/>\n<meta property=\"og:image\" content=\"https:\/\/regjeringsadvokaten.no\/wp-content\/uploads\/2022\/06\/notatbok-penn-1024x1024.jpg\" \/>\n<meta name=\"twitter:card\" content=\"summary_large_image\" \/>\n<meta name=\"twitter:label1\" content=\"Est. reading time\" \/>\n\t<meta name=\"twitter:data1\" content=\"1 minute\" \/>\n<script type=\"application\/ld+json\" class=\"yoast-schema-graph\">{\"@context\":\"https:\/\/schema.org\",\"@graph\":[{\"@type\":\"WebPage\",\"@id\":\"https:\/\/regjeringsadvokaten.no\/se\/klieanttaide\/\",\"url\":\"https:\/\/regjeringsadvokaten.no\/se\/klieanttaide\/\",\"name\":\"Klieanttaide - R\u00e1\u0111\u0111ehusadvok\u00e1htta\",\"isPartOf\":{\"@id\":\"https:\/\/regjeringsadvokaten.no\/se\/#website\"},\"primaryImageOfPage\":{\"@id\":\"https:\/\/regjeringsadvokaten.no\/se\/klieanttaide\/#primaryimage\"},\"image\":{\"@id\":\"https:\/\/regjeringsadvokaten.no\/se\/klieanttaide\/#primaryimage\"},\"thumbnailUrl\":\"https:\/\/regjeringsadvokaten.no\/wp-content\/uploads\/2022\/06\/notatbok-penn-1024x1024.jpg\",\"datePublished\":\"2022-05-02T13:25:36+00:00\",\"dateModified\":\"2024-01-03T11:26:43+00:00\",\"breadcrumb\":{\"@id\":\"https:\/\/regjeringsadvokaten.no\/se\/klieanttaide\/#breadcrumb\"},\"inLanguage\":\"se-NO\",\"potentialAction\":[{\"@type\":\"ReadAction\",\"target\":[\"https:\/\/regjeringsadvokaten.no\/se\/klieanttaide\/\"]}]},{\"@type\":\"ImageObject\",\"inLanguage\":\"se-NO\",\"@id\":\"https:\/\/regjeringsadvokaten.no\/se\/klieanttaide\/#primaryimage\",\"url\":\"https:\/\/regjeringsadvokaten.no\/wp-content\/uploads\/2022\/06\/notatbok-penn-1024x1024.jpg\",\"contentUrl\":\"https:\/\/regjeringsadvokaten.no\/wp-content\/uploads\/2022\/06\/notatbok-penn-1024x1024.jpg\"},{\"@type\":\"BreadcrumbList\",\"@id\":\"https:\/\/regjeringsadvokaten.no\/se\/klieanttaide\/#breadcrumb\",\"itemListElement\":[{\"@type\":\"ListItem\",\"position\":1,\"name\":\"Forsiden\",\"item\":\"https:\/\/regjeringsadvokaten.no\/se\/\"},{\"@type\":\"ListItem\",\"position\":2,\"name\":\"Klieanttaide\"}]},{\"@type\":\"WebSite\",\"@id\":\"https:\/\/regjeringsadvokaten.no\/se\/#website\",\"url\":\"https:\/\/regjeringsadvokaten.no\/se\/\",\"name\":\"R\u00e1\u0111\u0111ehusadvok\u00e1htta\",\"description\":\"R\u00e1\u0111\u0111ehusadvok\u00e1htta lea st\u00e1hta advok\u00e1httakantuvra siviila \u00e1\u0161\u0161iin\",\"publisher\":{\"@id\":\"https:\/\/regjeringsadvokaten.no\/se\/#organization\"},\"potentialAction\":[{\"@type\":\"SearchAction\",\"target\":{\"@type\":\"EntryPoint\",\"urlTemplate\":\"https:\/\/regjeringsadvokaten.no\/se\/?s={search_term_string}\"},\"query-input\":{\"@type\":\"PropertyValueSpecification\",\"valueRequired\":true,\"valueName\":\"search_term_string\"}}],\"inLanguage\":\"se-NO\"},{\"@type\":\"Organization\",\"@id\":\"https:\/\/regjeringsadvokaten.no\/se\/#organization\",\"name\":\"Regjeringsadvokaten\",\"url\":\"https:\/\/regjeringsadvokaten.no\/se\/\",\"logo\":{\"@type\":\"ImageObject\",\"inLanguage\":\"se-NO\",\"@id\":\"https:\/\/regjeringsadvokaten.no\/se\/#\/schema\/logo\/image\/\",\"url\":\"https:\/\/regjeringsadvokaten.no\/wp-content\/uploads\/2022\/05\/RA-og.png\",\"contentUrl\":\"https:\/\/regjeringsadvokaten.no\/wp-content\/uploads\/2022\/05\/RA-og.png\",\"width\":1200,\"height\":630,\"caption\":\"Regjeringsadvokaten\"},\"image\":{\"@id\":\"https:\/\/regjeringsadvokaten.no\/se\/#\/schema\/logo\/image\/\"}}]}<\/script>\n<!-- \/ Yoast SEO plugin. -->","yoast_head_json":{"title":"Klieanttaide - R\u00e1\u0111\u0111ehusadvok\u00e1htta","robots":{"index":"index","follow":"follow","max-snippet":"max-snippet:-1","max-image-preview":"max-image-preview:large","max-video-preview":"max-video-preview:-1"},"canonical":"https:\/\/regjeringsadvokaten.no\/se\/klieanttaide\/","og_locale":"se_NO","og_type":"article","og_title":"Klieanttaide - R\u00e1\u0111\u0111ehusadvok\u00e1htta","og_description":"R\u00e1\u0111\u0111ehusadvok\u00e1htta jo\u0111iha riekte\u00e1\u0161\u0161iid st\u00e1hta ovddas ja add\u00e1 juridihkala\u0161 r\u00e1vvagiid st\u00e1htala\u0161 org\u00e1naide. Leat du\u0161\u0161e departemeanttat mat njuolga s\u00e1httet jearrat R\u00e1\u0111\u0111ehusadvok\u00e1htas veahki. Jearaldagat vuolit org\u00e1nain galget mannat f\u00e1gadepartemeantta bokte ja dainna ovttas. [&hellip;]","og_url":"https:\/\/regjeringsadvokaten.no\/se\/klieanttaide\/","og_site_name":"R\u00e1\u0111\u0111ehusadvok\u00e1htta","article_modified_time":"2024-01-03T11:26:43+00:00","og_image":[{"url":"https:\/\/regjeringsadvokaten.no\/wp-content\/uploads\/2022\/06\/notatbok-penn-1024x1024.jpg","type":"","width":"","height":""}],"twitter_card":"summary_large_image","twitter_misc":{"Est. reading time":"1 minute"},"schema":{"@context":"https:\/\/schema.org","@graph":[{"@type":"WebPage","@id":"https:\/\/regjeringsadvokaten.no\/se\/klieanttaide\/","url":"https:\/\/regjeringsadvokaten.no\/se\/klieanttaide\/","name":"Klieanttaide - R\u00e1\u0111\u0111ehusadvok\u00e1htta","isPartOf":{"@id":"https:\/\/regjeringsadvokaten.no\/se\/#website"},"primaryImageOfPage":{"@id":"https:\/\/regjeringsadvokaten.no\/se\/klieanttaide\/#primaryimage"},"image":{"@id":"https:\/\/regjeringsadvokaten.no\/se\/klieanttaide\/#primaryimage"},"thumbnailUrl":"https:\/\/regjeringsadvokaten.no\/wp-content\/uploads\/2022\/06\/notatbok-penn-1024x1024.jpg","datePublished":"2022-05-02T13:25:36+00:00","dateModified":"2024-01-03T11:26:43+00:00","breadcrumb":{"@id":"https:\/\/regjeringsadvokaten.no\/se\/klieanttaide\/#breadcrumb"},"inLanguage":"se-NO","potentialAction":[{"@type":"ReadAction","target":["https:\/\/regjeringsadvokaten.no\/se\/klieanttaide\/"]}]},{"@type":"ImageObject","inLanguage":"se-NO","@id":"https:\/\/regjeringsadvokaten.no\/se\/klieanttaide\/#primaryimage","url":"https:\/\/regjeringsadvokaten.no\/wp-content\/uploads\/2022\/06\/notatbok-penn-1024x1024.jpg","contentUrl":"https:\/\/regjeringsadvokaten.no\/wp-content\/uploads\/2022\/06\/notatbok-penn-1024x1024.jpg"},{"@type":"BreadcrumbList","@id":"https:\/\/regjeringsadvokaten.no\/se\/klieanttaide\/#breadcrumb","itemListElement":[{"@type":"ListItem","position":1,"name":"Forsiden","item":"https:\/\/regjeringsadvokaten.no\/se\/"},{"@type":"ListItem","position":2,"name":"Klieanttaide"}]},{"@type":"WebSite","@id":"https:\/\/regjeringsadvokaten.no\/se\/#website","url":"https:\/\/regjeringsadvokaten.no\/se\/","name":"R\u00e1\u0111\u0111ehusadvok\u00e1htta","description":"R\u00e1\u0111\u0111ehusadvok\u00e1htta lea st\u00e1hta advok\u00e1httakantuvra siviila \u00e1\u0161\u0161iin","publisher":{"@id":"https:\/\/regjeringsadvokaten.no\/se\/#organization"},"potentialAction":[{"@type":"SearchAction","target":{"@type":"EntryPoint","urlTemplate":"https:\/\/regjeringsadvokaten.no\/se\/?s={search_term_string}"},"query-input":{"@type":"PropertyValueSpecification","valueRequired":true,"valueName":"search_term_string"}}],"inLanguage":"se-NO"},{"@type":"Organization","@id":"https:\/\/regjeringsadvokaten.no\/se\/#organization","name":"Regjeringsadvokaten","url":"https:\/\/regjeringsadvokaten.no\/se\/","logo":{"@type":"ImageObject","inLanguage":"se-NO","@id":"https:\/\/regjeringsadvokaten.no\/se\/#\/schema\/logo\/image\/","url":"https:\/\/regjeringsadvokaten.no\/wp-content\/uploads\/2022\/05\/RA-og.png","contentUrl":"https:\/\/regjeringsadvokaten.no\/wp-content\/uploads\/2022\/05\/RA-og.png","width":1200,"height":630,"caption":"Regjeringsadvokaten"},"image":{"@id":"https:\/\/regjeringsadvokaten.no\/se\/#\/schema\/logo\/image\/"}}]}},"uagb_featured_image_src":{"full":false,"thumbnail":false,"medium":false,"medium_large":false,"large":false,"1536x1536":false,"2048x2048":false},"uagb_author_info":{"display_name":"Gjerholm AS","author_link":"https:\/\/regjeringsadvokaten.no\/se\/author\/christiangjerholm-no\/"},"uagb_comment_info":0,"uagb_excerpt":"R\u00e1\u0111\u0111ehusadvok\u00e1htta jo\u0111iha riekte\u00e1\u0161\u0161iid st\u00e1hta ovddas ja add\u00e1 juridihkala\u0161 r\u00e1vvagiid st\u00e1htala\u0161 org\u00e1naide. Leat du\u0161\u0161e departemeanttat mat njuolga s\u00e1httet jearrat R\u00e1\u0111\u0111ehusadvok\u00e1htas veahki. Jearaldagat vuolit org\u00e1nain galget mannat f\u00e1gadepartemeantta bokte ja dainna ovttas. [&hellip;]","_links":{"self":[{"href":"https:\/\/regjeringsadvokaten.no\/se\/wp-json\/wp\/v2\/pages\/1809","targetHints":{"allow":["GET"]}}],"collection":[{"href":"https:\/\/regjeringsadvokaten.no\/se\/wp-json\/wp\/v2\/pages"}],"about":[{"href":"https:\/\/regjeringsadvokaten.no\/se\/wp-json\/wp\/v2\/types\/page"}],"author":[{"embeddable":true,"href":"https:\/\/regjeringsadvokaten.no\/se\/wp-json\/wp\/v2\/users\/1"}],"replies":[{"embeddable":true,"href":"https:\/\/regjeringsadvokaten.no\/se\/wp-json\/wp\/v2\/comments?post=1809"}],"version-history":[{"count":6,"href":"https:\/\/regjeringsadvokaten.no\/se\/wp-json\/wp\/v2\/pages\/1809\/revisions"}],"predecessor-version":[{"id":2721,"href":"https:\/\/regjeringsadvokaten.no\/se\/wp-json\/wp\/v2\/pages\/1809\/revisions\/2721"}],"wp:attachment":[{"href":"https:\/\/regjeringsadvokaten.no\/se\/wp-json\/wp\/v2\/media?parent=1809"}],"curies":[{"name":"wp","href":"https:\/\/api.w.org\/{rel}","templated":true}]}}