{"id":1793,"date":"2022-03-16T15:36:57","date_gmt":"2022-03-16T14:36:57","guid":{"rendered":"https:\/\/regjeringsadvokaten.no\/oktavuohta\/"},"modified":"2022-09-21T10:53:24","modified_gmt":"2022-09-21T08:53:24","slug":"oktavuohta","status":"publish","type":"page","link":"https:\/\/regjeringsadvokaten.no\/se\/oktavuohta\/","title":{"rendered":"Oktavuohta"},"content":{"rendered":"\n<section class=\"wp-block-uagb-columns uagb-columns__wrap uagb-columns__background-color uagb-columns__stack-mobile uagb-columns__valign- uagb-columns__gap-10 alignfull uagb-block-d90520af uagb-columns__columns-1 uagb-columns__max_width-theme page-title-container\"><div class=\"uagb-columns__overlay\"><\/div><div class=\"uagb-columns__inner-wrap uagb-columns__columns-1\">\n<div class=\"wp-block-uagb-column uagb-column__wrap uagb-column__background-undefined uagb-block-82726689\"><div class=\"uagb-column__overlay\"><\/div><h1 class=\"wp-block-post-title\">Oktavuohta<\/h1><\/div>\n<\/div><\/section>\n\n<section class=\"wp-block-uagb-columns uagb-columns__wrap uagb-columns__background-color uagb-columns__stack-mobile uagb-columns__valign- uagb-columns__gap-10 alignfull uagb-block-ec66f1ce uagb-columns__columns-2 uagb-columns__max_width-theme\"><div class=\"uagb-columns__overlay\"><\/div><div class=\"uagb-columns__inner-wrap uagb-columns__columns-2\">\n<div class=\"wp-block-uagb-column uagb-column__wrap uagb-column__background-undefined uagb-block-7a20147b\"><div class=\"uagb-column__overlay\"><\/div>\n<h2 class=\"wp-block-heading\" style=\"font-size:1.44em\">Boasta\u010dujuhus<\/h2>\n\n\n\n<p>Postboks 8012 Dep.<br\/>0030 Oslo<\/p>\n\n\n\n<h2 class=\"wp-block-heading\" style=\"font-size:1.44em\">Bes\u00f8ksadresse<\/h2>\n\n\n\n<p>Universitetsgata 8 (boa\u0111\u00e1hat Pilestredet bealde)<br\/>0164 Oslo<\/p>\n\n\n\n<p>Tlf.: <a href=\"tel:22990200\">22 99 02 00<\/a><br\/>E-boasta: <a href=\"mailto:postmottak@regjeringsadvokaten.no\">postmottak@regjeringsadvokaten.no<\/a><\/p>\n<\/div>\n\n\n\n<div class=\"wp-block-uagb-column uagb-column__wrap uagb-column__background-undefined uagb-block-d3080592\"><div class=\"uagb-column__overlay\"><\/div>\n<figure class=\"wp-block-image size-large\"><img decoding=\"async\" width=\"1024\" height=\"640\" src=\"https:\/\/regjeringsadvokaten.no\/wp-content\/uploads\/2022\/06\/kontor-gang-1024x640.jpg\" alt=\"Govva ovtta R&#xE1;&#x111;&#x111;ehusadvok&#xE1;hta kantuvrra soajis.\" class=\"wp-image-1545\" srcset=\"https:\/\/regjeringsadvokaten.no\/wp-content\/uploads\/2022\/06\/kontor-gang-1024x640.jpg 1024w, https:\/\/regjeringsadvokaten.no\/wp-content\/uploads\/2022\/06\/kontor-gang-300x188.jpg 300w, https:\/\/regjeringsadvokaten.no\/wp-content\/uploads\/2022\/06\/kontor-gang-768x480.jpg 768w, https:\/\/regjeringsadvokaten.no\/wp-content\/uploads\/2022\/06\/kontor-gang-1536x960.jpg 1536w, https:\/\/regjeringsadvokaten.no\/wp-content\/uploads\/2022\/06\/kontor-gang.jpg 1920w\" sizes=\"(max-width: 1024px) 100vw, 1024px\" \/><\/figure>\n<\/div>\n<\/div><\/section>\n","protected":false},"excerpt":{"rendered":"<p>Boasta\u010dujuhus Postboks 8012 Dep.0030 Oslo Bes\u00f8ksadresse Universitetsgata 8 (boa\u0111\u00e1hat Pilestredet bealde)0164 Oslo Tlf.: 22 99 02 00E-boasta: postmottak@regjeringsadvokaten.no<\/p>\n","protected":false},"author":1,"featured_media":0,"parent":0,"menu_order":9,"comment_status":"closed","ping_status":"closed","template":"","meta":{"_acf_changed":false,"_uag_custom_page_level_css":"","site-sidebar-layout":"default","site-content-layout":"","ast-site-content-layout":"default","site-content-style":"default","site-sidebar-style":"default","ast-global-header-display":"","ast-banner-title-visibility":"","ast-main-header-display":"","ast-hfb-above-header-display":"","ast-hfb-below-header-display":"","ast-hfb-mobile-header-display":"","site-post-title":"disabled","ast-breadcrumbs-content":"disabled","ast-featured-img":"","footer-sml-layout":"","ast-disable-related-posts":"","theme-transparent-header-meta":"","adv-header-id-meta":"","stick-header-meta":"","header-above-stick-meta":"","header-main-stick-meta":"","header-below-stick-meta":"","astra-migrate-meta-layouts":"default","ast-page-background-enabled":"default","ast-page-background-meta":{"desktop":{"background-color":"var(--ast-global-color-4)","background-image":"","background-repeat":"repeat","background-position":"center center","background-size":"auto","background-attachment":"scroll","background-type":"","background-media":"","overlay-type":"","overlay-color":"","overlay-opacity":"","overlay-gradient":""},"tablet":{"background-color":"","background-image":"","background-repeat":"repeat","background-position":"center center","background-size":"auto","background-attachment":"scroll","background-type":"","background-media":"","overlay-type":"","overlay-color":"","overlay-opacity":"","overlay-gradient":""},"mobile":{"background-color":"","background-image":"","background-repeat":"repeat","background-position":"center center","background-size":"auto","background-attachment":"scroll","background-type":"","background-media":"","overlay-type":"","overlay-color":"","overlay-opacity":"","overlay-gradient":""}},"ast-content-background-meta":{"desktop":{"background-color":"var(--ast-global-color-5)","background-image":"","background-repeat":"repeat","background-position":"center center","background-size":"auto","background-attachment":"scroll","background-type":"","background-media":"","overlay-type":"","overlay-color":"","overlay-opacity":"","overlay-gradient":""},"tablet":{"background-color":"var(--ast-global-color-5)","background-image":"","background-repeat":"repeat","background-position":"center center","background-size":"auto","background-attachment":"scroll","background-type":"","background-media":"","overlay-type":"","overlay-color":"","overlay-opacity":"","overlay-gradient":""},"mobile":{"background-color":"var(--ast-global-color-5)","background-image":"","background-repeat":"repeat","background-position":"center center","background-size":"auto","background-attachment":"scroll","background-type":"","background-media":"","overlay-type":"","overlay-color":"","overlay-opacity":"","overlay-gradient":""}},"footnotes":""},"class_list":["post-1793","page","type-page","status-publish","hentry"],"acf":[],"yoast_head":"<!-- This site is optimized with the Yoast SEO plugin v26.8 - https:\/\/yoast.com\/product\/yoast-seo-wordpress\/ -->\n<title>Oktavuohta - R\u00e1\u0111\u0111ehusadvok\u00e1htta<\/title>\n<meta name=\"robots\" content=\"index, follow, max-snippet:-1, max-image-preview:large, max-video-preview:-1\" \/>\n<link rel=\"canonical\" href=\"https:\/\/regjeringsadvokaten.no\/se\/oktavuohta\/\" \/>\n<meta property=\"og:locale\" content=\"se_NO\" \/>\n<meta property=\"og:type\" content=\"article\" \/>\n<meta property=\"og:title\" content=\"Oktavuohta - R\u00e1\u0111\u0111ehusadvok\u00e1htta\" \/>\n<meta property=\"og:description\" content=\"Boasta\u010dujuhus Postboks 8012 Dep.0030 Oslo Bes\u00f8ksadresse Universitetsgata 8 (boa\u0111\u00e1hat Pilestredet bealde)0164 Oslo Tlf.: 22 99 02 00E-boasta: postmottak@regjeringsadvokaten.no\" \/>\n<meta property=\"og:url\" content=\"https:\/\/regjeringsadvokaten.no\/se\/oktavuohta\/\" \/>\n<meta property=\"og:site_name\" content=\"R\u00e1\u0111\u0111ehusadvok\u00e1htta\" \/>\n<meta property=\"article:modified_time\" content=\"2022-09-21T08:53:24+00:00\" \/>\n<meta property=\"og:image\" content=\"https:\/\/regjeringsadvokaten.no\/wp-content\/uploads\/2022\/06\/kontor-gang-1024x640.jpg\" \/>\n<meta name=\"twitter:card\" content=\"summary_large_image\" \/>\n<meta name=\"twitter:label1\" content=\"Est. reading time\" \/>\n\t<meta name=\"twitter:data1\" content=\"1 minute\" \/>\n<script type=\"application\/ld+json\" class=\"yoast-schema-graph\">{\"@context\":\"https:\/\/schema.org\",\"@graph\":[{\"@type\":\"WebPage\",\"@id\":\"https:\/\/regjeringsadvokaten.no\/se\/oktavuohta\/\",\"url\":\"https:\/\/regjeringsadvokaten.no\/se\/oktavuohta\/\",\"name\":\"Oktavuohta - R\u00e1\u0111\u0111ehusadvok\u00e1htta\",\"isPartOf\":{\"@id\":\"https:\/\/regjeringsadvokaten.no\/se\/#website\"},\"primaryImageOfPage\":{\"@id\":\"https:\/\/regjeringsadvokaten.no\/se\/oktavuohta\/#primaryimage\"},\"image\":{\"@id\":\"https:\/\/regjeringsadvokaten.no\/se\/oktavuohta\/#primaryimage\"},\"thumbnailUrl\":\"https:\/\/regjeringsadvokaten.no\/wp-content\/uploads\/2022\/06\/kontor-gang-1024x640.jpg\",\"datePublished\":\"2022-03-16T14:36:57+00:00\",\"dateModified\":\"2022-09-21T08:53:24+00:00\",\"breadcrumb\":{\"@id\":\"https:\/\/regjeringsadvokaten.no\/se\/oktavuohta\/#breadcrumb\"},\"inLanguage\":\"se-NO\",\"potentialAction\":[{\"@type\":\"ReadAction\",\"target\":[\"https:\/\/regjeringsadvokaten.no\/se\/oktavuohta\/\"]}]},{\"@type\":\"ImageObject\",\"inLanguage\":\"se-NO\",\"@id\":\"https:\/\/regjeringsadvokaten.no\/se\/oktavuohta\/#primaryimage\",\"url\":\"https:\/\/regjeringsadvokaten.no\/wp-content\/uploads\/2022\/06\/kontor-gang-1024x640.jpg\",\"contentUrl\":\"https:\/\/regjeringsadvokaten.no\/wp-content\/uploads\/2022\/06\/kontor-gang-1024x640.jpg\"},{\"@type\":\"BreadcrumbList\",\"@id\":\"https:\/\/regjeringsadvokaten.no\/se\/oktavuohta\/#breadcrumb\",\"itemListElement\":[{\"@type\":\"ListItem\",\"position\":1,\"name\":\"Forsiden\",\"item\":\"https:\/\/regjeringsadvokaten.no\/se\/\"},{\"@type\":\"ListItem\",\"position\":2,\"name\":\"Oktavuohta\"}]},{\"@type\":\"WebSite\",\"@id\":\"https:\/\/regjeringsadvokaten.no\/se\/#website\",\"url\":\"https:\/\/regjeringsadvokaten.no\/se\/\",\"name\":\"R\u00e1\u0111\u0111ehusadvok\u00e1htta\",\"description\":\"R\u00e1\u0111\u0111ehusadvok\u00e1htta lea st\u00e1hta advok\u00e1httakantuvra siviila \u00e1\u0161\u0161iin\",\"publisher\":{\"@id\":\"https:\/\/regjeringsadvokaten.no\/se\/#organization\"},\"potentialAction\":[{\"@type\":\"SearchAction\",\"target\":{\"@type\":\"EntryPoint\",\"urlTemplate\":\"https:\/\/regjeringsadvokaten.no\/se\/?s={search_term_string}\"},\"query-input\":{\"@type\":\"PropertyValueSpecification\",\"valueRequired\":true,\"valueName\":\"search_term_string\"}}],\"inLanguage\":\"se-NO\"},{\"@type\":\"Organization\",\"@id\":\"https:\/\/regjeringsadvokaten.no\/se\/#organization\",\"name\":\"Regjeringsadvokaten\",\"url\":\"https:\/\/regjeringsadvokaten.no\/se\/\",\"logo\":{\"@type\":\"ImageObject\",\"inLanguage\":\"se-NO\",\"@id\":\"https:\/\/regjeringsadvokaten.no\/se\/#\/schema\/logo\/image\/\",\"url\":\"https:\/\/regjeringsadvokaten.no\/wp-content\/uploads\/2022\/05\/RA-og.png\",\"contentUrl\":\"https:\/\/regjeringsadvokaten.no\/wp-content\/uploads\/2022\/05\/RA-og.png\",\"width\":1200,\"height\":630,\"caption\":\"Regjeringsadvokaten\"},\"image\":{\"@id\":\"https:\/\/regjeringsadvokaten.no\/se\/#\/schema\/logo\/image\/\"}}]}<\/script>\n<!-- \/ Yoast SEO plugin. -->","yoast_head_json":{"title":"Oktavuohta - R\u00e1\u0111\u0111ehusadvok\u00e1htta","robots":{"index":"index","follow":"follow","max-snippet":"max-snippet:-1","max-image-preview":"max-image-preview:large","max-video-preview":"max-video-preview:-1"},"canonical":"https:\/\/regjeringsadvokaten.no\/se\/oktavuohta\/","og_locale":"se_NO","og_type":"article","og_title":"Oktavuohta - R\u00e1\u0111\u0111ehusadvok\u00e1htta","og_description":"Boasta\u010dujuhus Postboks 8012 Dep.0030 Oslo Bes\u00f8ksadresse Universitetsgata 8 (boa\u0111\u00e1hat Pilestredet bealde)0164 Oslo Tlf.: 22 99 02 00E-boasta: postmottak@regjeringsadvokaten.no","og_url":"https:\/\/regjeringsadvokaten.no\/se\/oktavuohta\/","og_site_name":"R\u00e1\u0111\u0111ehusadvok\u00e1htta","article_modified_time":"2022-09-21T08:53:24+00:00","og_image":[{"url":"https:\/\/regjeringsadvokaten.no\/wp-content\/uploads\/2022\/06\/kontor-gang-1024x640.jpg","type":"","width":"","height":""}],"twitter_card":"summary_large_image","twitter_misc":{"Est. reading time":"1 minute"},"schema":{"@context":"https:\/\/schema.org","@graph":[{"@type":"WebPage","@id":"https:\/\/regjeringsadvokaten.no\/se\/oktavuohta\/","url":"https:\/\/regjeringsadvokaten.no\/se\/oktavuohta\/","name":"Oktavuohta - R\u00e1\u0111\u0111ehusadvok\u00e1htta","isPartOf":{"@id":"https:\/\/regjeringsadvokaten.no\/se\/#website"},"primaryImageOfPage":{"@id":"https:\/\/regjeringsadvokaten.no\/se\/oktavuohta\/#primaryimage"},"image":{"@id":"https:\/\/regjeringsadvokaten.no\/se\/oktavuohta\/#primaryimage"},"thumbnailUrl":"https:\/\/regjeringsadvokaten.no\/wp-content\/uploads\/2022\/06\/kontor-gang-1024x640.jpg","datePublished":"2022-03-16T14:36:57+00:00","dateModified":"2022-09-21T08:53:24+00:00","breadcrumb":{"@id":"https:\/\/regjeringsadvokaten.no\/se\/oktavuohta\/#breadcrumb"},"inLanguage":"se-NO","potentialAction":[{"@type":"ReadAction","target":["https:\/\/regjeringsadvokaten.no\/se\/oktavuohta\/"]}]},{"@type":"ImageObject","inLanguage":"se-NO","@id":"https:\/\/regjeringsadvokaten.no\/se\/oktavuohta\/#primaryimage","url":"https:\/\/regjeringsadvokaten.no\/wp-content\/uploads\/2022\/06\/kontor-gang-1024x640.jpg","contentUrl":"https:\/\/regjeringsadvokaten.no\/wp-content\/uploads\/2022\/06\/kontor-gang-1024x640.jpg"},{"@type":"BreadcrumbList","@id":"https:\/\/regjeringsadvokaten.no\/se\/oktavuohta\/#breadcrumb","itemListElement":[{"@type":"ListItem","position":1,"name":"Forsiden","item":"https:\/\/regjeringsadvokaten.no\/se\/"},{"@type":"ListItem","position":2,"name":"Oktavuohta"}]},{"@type":"WebSite","@id":"https:\/\/regjeringsadvokaten.no\/se\/#website","url":"https:\/\/regjeringsadvokaten.no\/se\/","name":"R\u00e1\u0111\u0111ehusadvok\u00e1htta","description":"R\u00e1\u0111\u0111ehusadvok\u00e1htta lea st\u00e1hta advok\u00e1httakantuvra siviila \u00e1\u0161\u0161iin","publisher":{"@id":"https:\/\/regjeringsadvokaten.no\/se\/#organization"},"potentialAction":[{"@type":"SearchAction","target":{"@type":"EntryPoint","urlTemplate":"https:\/\/regjeringsadvokaten.no\/se\/?s={search_term_string}"},"query-input":{"@type":"PropertyValueSpecification","valueRequired":true,"valueName":"search_term_string"}}],"inLanguage":"se-NO"},{"@type":"Organization","@id":"https:\/\/regjeringsadvokaten.no\/se\/#organization","name":"Regjeringsadvokaten","url":"https:\/\/regjeringsadvokaten.no\/se\/","logo":{"@type":"ImageObject","inLanguage":"se-NO","@id":"https:\/\/regjeringsadvokaten.no\/se\/#\/schema\/logo\/image\/","url":"https:\/\/regjeringsadvokaten.no\/wp-content\/uploads\/2022\/05\/RA-og.png","contentUrl":"https:\/\/regjeringsadvokaten.no\/wp-content\/uploads\/2022\/05\/RA-og.png","width":1200,"height":630,"caption":"Regjeringsadvokaten"},"image":{"@id":"https:\/\/regjeringsadvokaten.no\/se\/#\/schema\/logo\/image\/"}}]}},"uagb_featured_image_src":{"full":false,"thumbnail":false,"medium":false,"medium_large":false,"large":false,"1536x1536":false,"2048x2048":false},"uagb_author_info":{"display_name":"Gjerholm AS","author_link":"https:\/\/regjeringsadvokaten.no\/se\/author\/christiangjerholm-no\/"},"uagb_comment_info":0,"uagb_excerpt":"Boasta\u010dujuhus Postboks 8012 Dep.0030 Oslo Bes\u00f8ksadresse Universitetsgata 8 (boa\u0111\u00e1hat Pilestredet bealde)0164 Oslo Tlf.: 22 99 02 00E-boasta: postmottak@regjeringsadvokaten.no","_links":{"self":[{"href":"https:\/\/regjeringsadvokaten.no\/se\/wp-json\/wp\/v2\/pages\/1793","targetHints":{"allow":["GET"]}}],"collection":[{"href":"https:\/\/regjeringsadvokaten.no\/se\/wp-json\/wp\/v2\/pages"}],"about":[{"href":"https:\/\/regjeringsadvokaten.no\/se\/wp-json\/wp\/v2\/types\/page"}],"author":[{"embeddable":true,"href":"https:\/\/regjeringsadvokaten.no\/se\/wp-json\/wp\/v2\/users\/1"}],"replies":[{"embeddable":true,"href":"https:\/\/regjeringsadvokaten.no\/se\/wp-json\/wp\/v2\/comments?post=1793"}],"version-history":[{"count":4,"href":"https:\/\/regjeringsadvokaten.no\/se\/wp-json\/wp\/v2\/pages\/1793\/revisions"}],"predecessor-version":[{"id":2089,"href":"https:\/\/regjeringsadvokaten.no\/se\/wp-json\/wp\/v2\/pages\/1793\/revisions\/2089"}],"wp:attachment":[{"href":"https:\/\/regjeringsadvokaten.no\/se\/wp-json\/wp\/v2\/media?parent=1793"}],"curies":[{"name":"wp","href":"https:\/\/api.w.org\/{rel}","templated":true}]}}