{"id":1789,"date":"2022-03-31T13:21:56","date_gmt":"2022-03-31T11:21:56","guid":{"rendered":"https:\/\/regjeringsadvokaten.no\/praktikantabargu\/"},"modified":"2024-01-03T12:35:06","modified_gmt":"2024-01-03T11:35:06","slug":"praktikantabargu","status":"publish","type":"page","link":"https:\/\/regjeringsadvokaten.no\/se\/karrieara\/praktikantabargu\/","title":{"rendered":"Praktik\u00e1ntabargu"},"content":{"rendered":"\n<section class=\"wp-block-uagb-columns uagb-columns__wrap uagb-columns__background-color uagb-columns__stack-mobile uagb-columns__valign- uagb-columns__gap-10 alignfull uagb-block-04a7ab9a uagb-columns__columns-1 uagb-columns__max_width-theme page-title-container\"><div class=\"uagb-columns__overlay\"><\/div><div class=\"uagb-columns__inner-wrap uagb-columns__columns-1\">\n<div class=\"wp-block-uagb-column uagb-column__wrap uagb-column__background-undefined uagb-block-2b2d30f1\"><div class=\"uagb-column__overlay\"><\/div><h1 class=\"wp-block-post-title\">Praktik\u00e1ntabargu<\/h1><\/div>\n<\/div><\/section>\n\n\n\n<section class=\"wp-block-uagb-columns uagb-columns__wrap uagb-columns__background-color uagb-columns__stack-mobile uagb-columns__valign- uagb-columns__gap-10 alignfull uagb-block-df98b536 uagb-columns__columns-2 uagb-columns__max_width-theme\"><div class=\"uagb-columns__overlay\"><\/div><div class=\"uagb-columns__inner-wrap uagb-columns__columns-2\">\n<div class=\"wp-block-uagb-column uagb-column__wrap uagb-column__background-undefined uagb-block-05323fbb\"><div class=\"uagb-column__overlay\"><\/div>\n<figure class=\"wp-block-image size-large\"><img decoding=\"async\" width=\"1024\" height=\"640\" src=\"https:\/\/regjeringsadvokaten.no\/wp-content\/uploads\/2022\/06\/mann-dame-prater-ute-1024x640.jpg\" alt=\"Govva mii \u010d\u00e1jeha guokte juristta s\u00e1gastallame.\" class=\"wp-image-1549\" srcset=\"https:\/\/regjeringsadvokaten.no\/wp-content\/uploads\/2022\/06\/mann-dame-prater-ute-1024x640.jpg 1024w, https:\/\/regjeringsadvokaten.no\/wp-content\/uploads\/2022\/06\/mann-dame-prater-ute-300x188.jpg 300w, https:\/\/regjeringsadvokaten.no\/wp-content\/uploads\/2022\/06\/mann-dame-prater-ute-768x480.jpg 768w, https:\/\/regjeringsadvokaten.no\/wp-content\/uploads\/2022\/06\/mann-dame-prater-ute-1536x960.jpg 1536w, https:\/\/regjeringsadvokaten.no\/wp-content\/uploads\/2022\/06\/mann-dame-prater-ute.jpg 1920w\" sizes=\"(max-width: 1024px) 100vw, 1024px\" \/><\/figure>\n<\/div>\n\n\n\n<div class=\"wp-block-uagb-column uagb-column__wrap uagb-column__background-undefined uagb-block-f164fccf\"><div class=\"uagb-column__overlay\"><\/div>\n<p>R\u00e1\u0111\u0111ehusadvok\u00e1htta virg\u00e1da juohke jagi juridihkkastudeanttaid praktik\u00e1ntan. Praktik\u00e1ntabargu bist\u00e1 d\u00e1b\u00e1la\u010d\u010dat njeallje vahkku ja mis leat 10\u201312 praktik\u00e1ntta jagis. Sin barggut leat guorahallat juridihkala\u0161 \u010duolmmaid, \u010d\u00e1llit evttohusaid proseassa\u010d\u00e1llosiidda ja prosedyraide ja ear\u00e1 l\u00e1dje ovttasbargat advok\u00e1htaiguin. Lea maid mihttu ahte buot praktik\u00e1nttat galget beassat \u010duovvut unnimusat ovtta \u00e1\u0161\u0161i rievttis. Praktik\u00e1ntabargu lea buorre vuohki oahp\u00e1snuvvat R\u00e1\u0111\u0111ehusadvok\u00e1htain, ja olu praktik\u00e1nttat leat ma\u014b\u014bel virg\u00e1duvvon advok\u00e1httav\u00e1ldd\u00e1la\u017e\u017ean.<\/p>\n\n\n\n<p>Mii virg\u00e1dit guovtti vuorus jagis, ja lea ohcan\u00e1igemearri gi\u0111\u0111at ja \u010dak\u010dat. Ohccit berrejit v\u00e1ld\u00e1n eks\u00e1mena 3. ossodagas dahje v\u00e1stideaddji, buriid bohtosiiguin. Praktik\u00e1ntaortnet lea du\u0161\u0161e studeanttaid v\u00e1ras, ii ge sidjiide geat leat g\u00e1rven oahpu. Studeanttat geat leat loahpaheaddji lohkanb\u00e1jis ohcan\u00e1igemearis, eai vuoruhuvvo dan dihte.<\/p>\n\n\n\n<p><strong>Boahtte ohcan\u00e1igemearri lea \u010dak\u010dam\u00e1nu 30. b. 2022.<\/strong><\/p>\n\n\n\n<h2 class=\"wp-block-heading\" style=\"font-size:1.44em\">Oktavuo\u0111aolbmot<\/h2>\n\n\n<section class=\"kontaktPerson kontaktPersonListing\">\n      <div class=\"kontaktPerson--wrap\">\n      <div class=\"single-team-area mediumArticle\">\n  <div class=\"img-area\">\n    <figure>\n      <a target=\"_self\" href=\"https:\/\/regjeringsadvokaten.no\/se\/team\/sverre-runde\/\">\n        <img decoding=\"async\" width=\"300\" height=\"300\" src=\"https:\/\/regjeringsadvokaten.no\/wp-content\/uploads\/2022\/04\/runde-sverre-300x300.jpg\" class=\"attachment-medium size-medium wp-post-image\" alt=\"\" srcset=\"https:\/\/regjeringsadvokaten.no\/wp-content\/uploads\/2022\/04\/runde-sverre-300x300.jpg 300w, https:\/\/regjeringsadvokaten.no\/wp-content\/uploads\/2022\/04\/runde-sverre-150x150.jpg 150w, https:\/\/regjeringsadvokaten.no\/wp-content\/uploads\/2022\/04\/runde-sverre.jpg 386w\" sizes=\"(max-width: 300px) 100vw, 300px\" \/>      <\/a>\n    <\/figure>\n  <\/div>\n  <div class=\"rttm-content-area\">\n          <h3>\n        <span class=\"team-name\">\n          <a target=\"_self\" title=\"Sverre Runde\" href=\"https:\/\/regjeringsadvokaten.no\/se\/team\/sverre-runde\/\">\n            Sverre Runde          <\/a>\n        <\/span>\n      <\/h3>\n              <div class=\"tlp-position\">\n        <a data-id=\"1702\" target=\"_self\" title=\"Sverre Runde\" href=\"https:\/\/regjeringsadvokaten.no\/se\/team\/sverre-runde\/\">\n          Lawyer        <\/a>\n      <\/div>\n        <div class=\"contact-info\">\n      <ul>\n                  <li class=\"tlp-email\">\n            <svg xmlns=\"http:\/\/www.w3.org\/2000\/svg\" height=\"16\" width=\"16\" viewBox=\"0 0 512 512\"><!--!Font Awesome Free 6.5.1 by @fontawesome - https:\/\/fontawesome.com License - https:\/\/fontawesome.com\/license\/free Copyright 2023 Fonticons, Inc.-->\n              <path opacity=\"1\" fill=\"#162b4c\" d=\"M464 64H48C21.5 64 0 85.5 0 112v288c0 26.5 21.5 48 48 48h416c26.5 0 48-21.5 48-48V112c0-26.5-21.5-48-48-48zm0 48v40.8c-22.4 18.3-58.2 46.7-134.6 106.5-16.8 13.2-50.2 45.1-73.4 44.7-23.2 .4-56.6-31.5-73.4-44.7C106.2 199.5 70.4 171.1 48 152.8V112h416zM48 400V214.4c22.9 18.3 55.4 43.9 104.9 82.6 21.9 17.2 60.1 55.2 103.1 55 42.7 .2 80.5-37.2 103.1-54.9 49.5-38.8 82-64.4 104.9-82.7V400H48z\" \/>\n            <\/svg>\n            <a href=\"mailto:sru@radv.no\">\n              <span class=\"tlp-email\">sru@radv.no<\/span>\n            <\/a>\n          <\/li>\n                          <li class=\"tlp-phone\">\n            <svg xmlns=\"http:\/\/www.w3.org\/2000\/svg\" height=\"16\" width=\"16\" viewBox=\"0 0 512 512\"><!--!Font Awesome Free 6.5.1 by @fontawesome - https:\/\/fontawesome.com License - https:\/\/fontawesome.com\/license\/free Copyright 2023 Fonticons, Inc.-->\n              <path opacity=\"1\" fill=\"#162b4c\" d=\"M497.4 361.8l-112-48a24 24 0 0 0 -28 6.9l-49.6 60.6A370.7 370.7 0 0 1 130.6 204.1l60.6-49.6a23.9 23.9 0 0 0 6.9-28l-48-112A24.2 24.2 0 0 0 122.6 .6l-104 24A24 24 0 0 0 0 48c0 256.5 207.9 464 464 464a24 24 0 0 0 23.4-18.6l24-104a24.3 24.3 0 0 0 -14-27.6z\" \/>\n            <\/svg>\n            <a href=\"tel:22 99 02 60\" class=\"tlp-phone\">22 99 02 60<\/a>\n          <\/li>\n                      <\/ul>\n    <\/div>\n  <\/div>\n<\/div>    <\/div>\n  <\/section>\n\n\n<p><a href=\"https:\/\/www.jobbnorge.no\/ledige-stillinger\/stilling\/230699\/praktikant\" target=\"_blank\" rel=\"noreferrer noopener\">https:\/\/www.jobbnorge.no\/ledige-stillinger\/stilling\/230699\/praktikant<\/a><\/p>\n<\/div>\n<\/div><\/section>\n","protected":false},"excerpt":{"rendered":"<p>R\u00e1\u0111\u0111ehusadvok\u00e1htta virg\u00e1da juohke jagi juridihkkastudeanttaid praktik\u00e1ntan. Praktik\u00e1ntabargu bist\u00e1 d\u00e1b\u00e1la\u010d\u010dat njeallje vahkku ja mis leat 10\u201312 praktik\u00e1ntta jagis. Sin barggut leat guorahallat juridihkala\u0161 \u010duolmmaid, \u010d\u00e1llit evttohusaid proseassa\u010d\u00e1llosiidda ja prosedyraide ja ear\u00e1 [&hellip;]<\/p>\n","protected":false},"author":1,"featured_media":0,"parent":1803,"menu_order":12,"comment_status":"closed","ping_status":"closed","template":"","meta":{"_acf_changed":false,"_uag_custom_page_level_css":"","site-sidebar-layout":"default","site-content-layout":"","ast-site-content-layout":"default","site-content-style":"default","site-sidebar-style":"default","ast-global-header-display":"","ast-banner-title-visibility":"","ast-main-header-display":"","ast-hfb-above-header-display":"","ast-hfb-below-header-display":"","ast-hfb-mobile-header-display":"","site-post-title":"disabled","ast-breadcrumbs-content":"","ast-featured-img":"","footer-sml-layout":"","ast-disable-related-posts":"","theme-transparent-header-meta":"","adv-header-id-meta":"","stick-header-meta":"","header-above-stick-meta":"","header-main-stick-meta":"","header-below-stick-meta":"","astra-migrate-meta-layouts":"set","ast-page-background-enabled":"default","ast-page-background-meta":{"desktop":{"background-color":"var(--ast-global-color-4)","background-image":"","background-repeat":"repeat","background-position":"center center","background-size":"auto","background-attachment":"scroll","background-type":"","background-media":"","overlay-type":"","overlay-color":"","overlay-opacity":"","overlay-gradient":""},"tablet":{"background-color":"","background-image":"","background-repeat":"repeat","background-position":"center center","background-size":"auto","background-attachment":"scroll","background-type":"","background-media":"","overlay-type":"","overlay-color":"","overlay-opacity":"","overlay-gradient":""},"mobile":{"background-color":"","background-image":"","background-repeat":"repeat","background-position":"center center","background-size":"auto","background-attachment":"scroll","background-type":"","background-media":"","overlay-type":"","overlay-color":"","overlay-opacity":"","overlay-gradient":""}},"ast-content-background-meta":{"desktop":{"background-color":"var(--ast-global-color-5)","background-image":"","background-repeat":"repeat","background-position":"center center","background-size":"auto","background-attachment":"scroll","background-type":"","background-media":"","overlay-type":"","overlay-color":"","overlay-opacity":"","overlay-gradient":""},"tablet":{"background-color":"var(--ast-global-color-5)","background-image":"","background-repeat":"repeat","background-position":"center center","background-size":"auto","background-attachment":"scroll","background-type":"","background-media":"","overlay-type":"","overlay-color":"","overlay-opacity":"","overlay-gradient":""},"mobile":{"background-color":"var(--ast-global-color-5)","background-image":"","background-repeat":"repeat","background-position":"center center","background-size":"auto","background-attachment":"scroll","background-type":"","background-media":"","overlay-type":"","overlay-color":"","overlay-opacity":"","overlay-gradient":""}},"footnotes":""},"class_list":["post-1789","page","type-page","status-publish","hentry"],"acf":[],"yoast_head":"<!-- This site is optimized with the Yoast SEO plugin v26.8 - https:\/\/yoast.com\/product\/yoast-seo-wordpress\/ -->\n<title>Praktik\u00e1ntabargu - R\u00e1\u0111\u0111ehusadvok\u00e1htta<\/title>\n<meta name=\"robots\" content=\"index, follow, max-snippet:-1, max-image-preview:large, max-video-preview:-1\" \/>\n<link rel=\"canonical\" href=\"https:\/\/regjeringsadvokaten.no\/se\/karrieara\/praktikantabargu\/\" \/>\n<meta property=\"og:locale\" content=\"se_NO\" \/>\n<meta property=\"og:type\" content=\"article\" \/>\n<meta property=\"og:title\" content=\"Praktik\u00e1ntabargu - R\u00e1\u0111\u0111ehusadvok\u00e1htta\" \/>\n<meta property=\"og:description\" content=\"R\u00e1\u0111\u0111ehusadvok\u00e1htta virg\u00e1da juohke jagi juridihkkastudeanttaid praktik\u00e1ntan. Praktik\u00e1ntabargu bist\u00e1 d\u00e1b\u00e1la\u010d\u010dat njeallje vahkku ja mis leat 10\u201312 praktik\u00e1ntta jagis. Sin barggut leat guorahallat juridihkala\u0161 \u010duolmmaid, \u010d\u00e1llit evttohusaid proseassa\u010d\u00e1llosiidda ja prosedyraide ja ear\u00e1 [&hellip;]\" \/>\n<meta property=\"og:url\" content=\"https:\/\/regjeringsadvokaten.no\/se\/karrieara\/praktikantabargu\/\" \/>\n<meta property=\"og:site_name\" content=\"R\u00e1\u0111\u0111ehusadvok\u00e1htta\" \/>\n<meta property=\"article:modified_time\" content=\"2024-01-03T11:35:06+00:00\" \/>\n<meta property=\"og:image\" content=\"https:\/\/regjeringsadvokaten.no\/wp-content\/uploads\/2022\/06\/mann-dame-prater-ute-1024x640.jpg\" \/>\n<meta name=\"twitter:card\" content=\"summary_large_image\" \/>\n<meta name=\"twitter:label1\" content=\"Est. reading time\" \/>\n\t<meta name=\"twitter:data1\" content=\"1 minute\" \/>\n<script type=\"application\/ld+json\" class=\"yoast-schema-graph\">{\"@context\":\"https:\/\/schema.org\",\"@graph\":[{\"@type\":\"WebPage\",\"@id\":\"https:\/\/regjeringsadvokaten.no\/se\/karrieara\/praktikantabargu\/\",\"url\":\"https:\/\/regjeringsadvokaten.no\/se\/karrieara\/praktikantabargu\/\",\"name\":\"Praktik\u00e1ntabargu - R\u00e1\u0111\u0111ehusadvok\u00e1htta\",\"isPartOf\":{\"@id\":\"https:\/\/regjeringsadvokaten.no\/se\/#website\"},\"primaryImageOfPage\":{\"@id\":\"https:\/\/regjeringsadvokaten.no\/se\/karrieara\/praktikantabargu\/#primaryimage\"},\"image\":{\"@id\":\"https:\/\/regjeringsadvokaten.no\/se\/karrieara\/praktikantabargu\/#primaryimage\"},\"thumbnailUrl\":\"https:\/\/regjeringsadvokaten.no\/wp-content\/uploads\/2022\/06\/mann-dame-prater-ute-1024x640.jpg\",\"datePublished\":\"2022-03-31T11:21:56+00:00\",\"dateModified\":\"2024-01-03T11:35:06+00:00\",\"breadcrumb\":{\"@id\":\"https:\/\/regjeringsadvokaten.no\/se\/karrieara\/praktikantabargu\/#breadcrumb\"},\"inLanguage\":\"se-NO\",\"potentialAction\":[{\"@type\":\"ReadAction\",\"target\":[\"https:\/\/regjeringsadvokaten.no\/se\/karrieara\/praktikantabargu\/\"]}]},{\"@type\":\"ImageObject\",\"inLanguage\":\"se-NO\",\"@id\":\"https:\/\/regjeringsadvokaten.no\/se\/karrieara\/praktikantabargu\/#primaryimage\",\"url\":\"https:\/\/regjeringsadvokaten.no\/wp-content\/uploads\/2022\/06\/mann-dame-prater-ute-1024x640.jpg\",\"contentUrl\":\"https:\/\/regjeringsadvokaten.no\/wp-content\/uploads\/2022\/06\/mann-dame-prater-ute-1024x640.jpg\"},{\"@type\":\"BreadcrumbList\",\"@id\":\"https:\/\/regjeringsadvokaten.no\/se\/karrieara\/praktikantabargu\/#breadcrumb\",\"itemListElement\":[{\"@type\":\"ListItem\",\"position\":1,\"name\":\"Forsiden\",\"item\":\"https:\/\/regjeringsadvokaten.no\/se\/\"},{\"@type\":\"ListItem\",\"position\":2,\"name\":\"Karrieara\",\"item\":\"https:\/\/regjeringsadvokaten.no\/se\/karrieara\/\"},{\"@type\":\"ListItem\",\"position\":3,\"name\":\"Praktik\u00e1ntabargu\"}]},{\"@type\":\"WebSite\",\"@id\":\"https:\/\/regjeringsadvokaten.no\/se\/#website\",\"url\":\"https:\/\/regjeringsadvokaten.no\/se\/\",\"name\":\"R\u00e1\u0111\u0111ehusadvok\u00e1htta\",\"description\":\"R\u00e1\u0111\u0111ehusadvok\u00e1htta lea st\u00e1hta advok\u00e1httakantuvra siviila \u00e1\u0161\u0161iin\",\"publisher\":{\"@id\":\"https:\/\/regjeringsadvokaten.no\/se\/#organization\"},\"potentialAction\":[{\"@type\":\"SearchAction\",\"target\":{\"@type\":\"EntryPoint\",\"urlTemplate\":\"https:\/\/regjeringsadvokaten.no\/se\/?s={search_term_string}\"},\"query-input\":{\"@type\":\"PropertyValueSpecification\",\"valueRequired\":true,\"valueName\":\"search_term_string\"}}],\"inLanguage\":\"se-NO\"},{\"@type\":\"Organization\",\"@id\":\"https:\/\/regjeringsadvokaten.no\/se\/#organization\",\"name\":\"Regjeringsadvokaten\",\"url\":\"https:\/\/regjeringsadvokaten.no\/se\/\",\"logo\":{\"@type\":\"ImageObject\",\"inLanguage\":\"se-NO\",\"@id\":\"https:\/\/regjeringsadvokaten.no\/se\/#\/schema\/logo\/image\/\",\"url\":\"https:\/\/regjeringsadvokaten.no\/wp-content\/uploads\/2022\/05\/RA-og.png\",\"contentUrl\":\"https:\/\/regjeringsadvokaten.no\/wp-content\/uploads\/2022\/05\/RA-og.png\",\"width\":1200,\"height\":630,\"caption\":\"Regjeringsadvokaten\"},\"image\":{\"@id\":\"https:\/\/regjeringsadvokaten.no\/se\/#\/schema\/logo\/image\/\"}}]}<\/script>\n<!-- \/ Yoast SEO plugin. -->","yoast_head_json":{"title":"Praktik\u00e1ntabargu - R\u00e1\u0111\u0111ehusadvok\u00e1htta","robots":{"index":"index","follow":"follow","max-snippet":"max-snippet:-1","max-image-preview":"max-image-preview:large","max-video-preview":"max-video-preview:-1"},"canonical":"https:\/\/regjeringsadvokaten.no\/se\/karrieara\/praktikantabargu\/","og_locale":"se_NO","og_type":"article","og_title":"Praktik\u00e1ntabargu - R\u00e1\u0111\u0111ehusadvok\u00e1htta","og_description":"R\u00e1\u0111\u0111ehusadvok\u00e1htta virg\u00e1da juohke jagi juridihkkastudeanttaid praktik\u00e1ntan. Praktik\u00e1ntabargu bist\u00e1 d\u00e1b\u00e1la\u010d\u010dat njeallje vahkku ja mis leat 10\u201312 praktik\u00e1ntta jagis. Sin barggut leat guorahallat juridihkala\u0161 \u010duolmmaid, \u010d\u00e1llit evttohusaid proseassa\u010d\u00e1llosiidda ja prosedyraide ja ear\u00e1 [&hellip;]","og_url":"https:\/\/regjeringsadvokaten.no\/se\/karrieara\/praktikantabargu\/","og_site_name":"R\u00e1\u0111\u0111ehusadvok\u00e1htta","article_modified_time":"2024-01-03T11:35:06+00:00","og_image":[{"url":"https:\/\/regjeringsadvokaten.no\/wp-content\/uploads\/2022\/06\/mann-dame-prater-ute-1024x640.jpg","type":"","width":"","height":""}],"twitter_card":"summary_large_image","twitter_misc":{"Est. reading time":"1 minute"},"schema":{"@context":"https:\/\/schema.org","@graph":[{"@type":"WebPage","@id":"https:\/\/regjeringsadvokaten.no\/se\/karrieara\/praktikantabargu\/","url":"https:\/\/regjeringsadvokaten.no\/se\/karrieara\/praktikantabargu\/","name":"Praktik\u00e1ntabargu - R\u00e1\u0111\u0111ehusadvok\u00e1htta","isPartOf":{"@id":"https:\/\/regjeringsadvokaten.no\/se\/#website"},"primaryImageOfPage":{"@id":"https:\/\/regjeringsadvokaten.no\/se\/karrieara\/praktikantabargu\/#primaryimage"},"image":{"@id":"https:\/\/regjeringsadvokaten.no\/se\/karrieara\/praktikantabargu\/#primaryimage"},"thumbnailUrl":"https:\/\/regjeringsadvokaten.no\/wp-content\/uploads\/2022\/06\/mann-dame-prater-ute-1024x640.jpg","datePublished":"2022-03-31T11:21:56+00:00","dateModified":"2024-01-03T11:35:06+00:00","breadcrumb":{"@id":"https:\/\/regjeringsadvokaten.no\/se\/karrieara\/praktikantabargu\/#breadcrumb"},"inLanguage":"se-NO","potentialAction":[{"@type":"ReadAction","target":["https:\/\/regjeringsadvokaten.no\/se\/karrieara\/praktikantabargu\/"]}]},{"@type":"ImageObject","inLanguage":"se-NO","@id":"https:\/\/regjeringsadvokaten.no\/se\/karrieara\/praktikantabargu\/#primaryimage","url":"https:\/\/regjeringsadvokaten.no\/wp-content\/uploads\/2022\/06\/mann-dame-prater-ute-1024x640.jpg","contentUrl":"https:\/\/regjeringsadvokaten.no\/wp-content\/uploads\/2022\/06\/mann-dame-prater-ute-1024x640.jpg"},{"@type":"BreadcrumbList","@id":"https:\/\/regjeringsadvokaten.no\/se\/karrieara\/praktikantabargu\/#breadcrumb","itemListElement":[{"@type":"ListItem","position":1,"name":"Forsiden","item":"https:\/\/regjeringsadvokaten.no\/se\/"},{"@type":"ListItem","position":2,"name":"Karrieara","item":"https:\/\/regjeringsadvokaten.no\/se\/karrieara\/"},{"@type":"ListItem","position":3,"name":"Praktik\u00e1ntabargu"}]},{"@type":"WebSite","@id":"https:\/\/regjeringsadvokaten.no\/se\/#website","url":"https:\/\/regjeringsadvokaten.no\/se\/","name":"R\u00e1\u0111\u0111ehusadvok\u00e1htta","description":"R\u00e1\u0111\u0111ehusadvok\u00e1htta lea st\u00e1hta advok\u00e1httakantuvra siviila \u00e1\u0161\u0161iin","publisher":{"@id":"https:\/\/regjeringsadvokaten.no\/se\/#organization"},"potentialAction":[{"@type":"SearchAction","target":{"@type":"EntryPoint","urlTemplate":"https:\/\/regjeringsadvokaten.no\/se\/?s={search_term_string}"},"query-input":{"@type":"PropertyValueSpecification","valueRequired":true,"valueName":"search_term_string"}}],"inLanguage":"se-NO"},{"@type":"Organization","@id":"https:\/\/regjeringsadvokaten.no\/se\/#organization","name":"Regjeringsadvokaten","url":"https:\/\/regjeringsadvokaten.no\/se\/","logo":{"@type":"ImageObject","inLanguage":"se-NO","@id":"https:\/\/regjeringsadvokaten.no\/se\/#\/schema\/logo\/image\/","url":"https:\/\/regjeringsadvokaten.no\/wp-content\/uploads\/2022\/05\/RA-og.png","contentUrl":"https:\/\/regjeringsadvokaten.no\/wp-content\/uploads\/2022\/05\/RA-og.png","width":1200,"height":630,"caption":"Regjeringsadvokaten"},"image":{"@id":"https:\/\/regjeringsadvokaten.no\/se\/#\/schema\/logo\/image\/"}}]}},"uagb_featured_image_src":{"full":false,"thumbnail":false,"medium":false,"medium_large":false,"large":false,"1536x1536":false,"2048x2048":false},"uagb_author_info":{"display_name":"Gjerholm AS","author_link":"https:\/\/regjeringsadvokaten.no\/se\/author\/christiangjerholm-no\/"},"uagb_comment_info":0,"uagb_excerpt":"R\u00e1\u0111\u0111ehusadvok\u00e1htta virg\u00e1da juohke jagi juridihkkastudeanttaid praktik\u00e1ntan. Praktik\u00e1ntabargu bist\u00e1 d\u00e1b\u00e1la\u010d\u010dat njeallje vahkku ja mis leat 10\u201312 praktik\u00e1ntta jagis. Sin barggut leat guorahallat juridihkala\u0161 \u010duolmmaid, \u010d\u00e1llit evttohusaid proseassa\u010d\u00e1llosiidda ja prosedyraide ja ear\u00e1 [&hellip;]","_links":{"self":[{"href":"https:\/\/regjeringsadvokaten.no\/se\/wp-json\/wp\/v2\/pages\/1789","targetHints":{"allow":["GET"]}}],"collection":[{"href":"https:\/\/regjeringsadvokaten.no\/se\/wp-json\/wp\/v2\/pages"}],"about":[{"href":"https:\/\/regjeringsadvokaten.no\/se\/wp-json\/wp\/v2\/types\/page"}],"author":[{"embeddable":true,"href":"https:\/\/regjeringsadvokaten.no\/se\/wp-json\/wp\/v2\/users\/1"}],"replies":[{"embeddable":true,"href":"https:\/\/regjeringsadvokaten.no\/se\/wp-json\/wp\/v2\/comments?post=1789"}],"version-history":[{"count":11,"href":"https:\/\/regjeringsadvokaten.no\/se\/wp-json\/wp\/v2\/pages\/1789\/revisions"}],"predecessor-version":[{"id":2734,"href":"https:\/\/regjeringsadvokaten.no\/se\/wp-json\/wp\/v2\/pages\/1789\/revisions\/2734"}],"up":[{"embeddable":true,"href":"https:\/\/regjeringsadvokaten.no\/se\/wp-json\/wp\/v2\/pages\/1803"}],"wp:attachment":[{"href":"https:\/\/regjeringsadvokaten.no\/se\/wp-json\/wp\/v2\/media?parent=1789"}],"curies":[{"name":"wp","href":"https:\/\/api.w.org\/{rel}","templated":true}]}}