{"id":1787,"date":"2022-03-31T13:22:04","date_gmt":"2022-03-31T11:22:04","guid":{"rendered":"https:\/\/regjeringsadvokaten.no\/halddahus\/"},"modified":"2022-09-13T10:54:32","modified_gmt":"2022-09-13T08:54:32","slug":"halddahus","status":"publish","type":"page","link":"https:\/\/regjeringsadvokaten.no\/se\/karrieara\/halddahus\/","title":{"rendered":"H\u00e1lddahus"},"content":{"rendered":"\n<section class=\"wp-block-uagb-columns uagb-columns__wrap uagb-columns__background-color uagb-columns__stack-mobile uagb-columns__valign- uagb-columns__gap-10 alignfull uagb-block-6efbdfba uagb-columns__columns-1 uagb-columns__max_width-theme page-title-container\"><div class=\"uagb-columns__overlay\"><\/div><div class=\"uagb-columns__inner-wrap uagb-columns__columns-1\">\n<div class=\"wp-block-uagb-column uagb-column__wrap uagb-column__background-undefined uagb-block-2ea012b7\"><div class=\"uagb-column__overlay\"><\/div><h1 class=\"wp-block-post-title\">H\u00e1lddahus<\/h1><\/div>\n<\/div><\/section>\n\n<section class=\"wp-block-uagb-columns uagb-columns__wrap uagb-columns__background-color uagb-columns__stack-mobile uagb-columns__valign- uagb-columns__gap-10 alignfull uagb-block-74cbd6a8 uagb-columns__columns-2 uagb-columns__max_width-theme\"><div class=\"uagb-columns__overlay\"><\/div><div class=\"uagb-columns__inner-wrap uagb-columns__columns-2\">\n<div class=\"wp-block-uagb-column uagb-column__wrap uagb-column__background-undefined uagb-block-4e76345b\"><div class=\"uagb-column__overlay\"><\/div>\n<figure class=\"wp-block-image size-large\"><img decoding=\"async\" width=\"1024\" height=\"640\" src=\"https:\/\/regjeringsadvokaten.no\/wp-content\/uploads\/2022\/06\/damer-prater-kaffe-1024x640.jpg\" alt=\"Govva 3 h&#xE1;lddahusovddasteaddjis.\" class=\"wp-image-1543\" srcset=\"https:\/\/regjeringsadvokaten.no\/wp-content\/uploads\/2022\/06\/damer-prater-kaffe-1024x640.jpg 1024w, https:\/\/regjeringsadvokaten.no\/wp-content\/uploads\/2022\/06\/damer-prater-kaffe-300x188.jpg 300w, https:\/\/regjeringsadvokaten.no\/wp-content\/uploads\/2022\/06\/damer-prater-kaffe-768x480.jpg 768w, https:\/\/regjeringsadvokaten.no\/wp-content\/uploads\/2022\/06\/damer-prater-kaffe-1536x960.jpg 1536w, https:\/\/regjeringsadvokaten.no\/wp-content\/uploads\/2022\/06\/damer-prater-kaffe.jpg 1920w\" sizes=\"(max-width: 1024px) 100vw, 1024px\" \/><\/figure>\n<\/div>\n\n\n\n<div class=\"wp-block-uagb-column uagb-column__wrap uagb-column__background-undefined uagb-block-1db6cd51\"><div class=\"uagb-column__overlay\"><\/div>\n<p>D\u00e1l leat R\u00e1\u0111\u0111ehusadvok\u00e1htaid h\u00e1lddahusas 22 mielbargi. H\u00e1lddahus veahkeha advok\u00e1htaid beaivv\u00e1la\u0161 bargguin ja \u00e1immahu\u0161\u0161et kantuvradoaimmaid nu go ekonomiija, IKT, arkiivva, kantiina, girjer\u00e1djosa ja assisteantabargguid. Barggut leat m\u00e1\u014bggal\u00e1ganat ja gelddola\u010d\u010dat, ja g\u00e1ibidit olu ie\u0161heanala\u0161vuo\u0111a. H\u00e1lddahushoavda lea Marius Ovesen.<\/p>\n\n\n\n<p>Rabas virggit almmuhuvvojit d\u00e1n siiddus.<\/p>\n<\/div>\n<\/div><\/section>\n","protected":false},"excerpt":{"rendered":"<p>D\u00e1l leat R\u00e1\u0111\u0111ehusadvok\u00e1htaid h\u00e1lddahusas 22 mielbargi. H\u00e1lddahus veahkeha advok\u00e1htaid beaivv\u00e1la\u0161 bargguin ja \u00e1immahu\u0161\u0161et kantuvradoaimmaid nu go ekonomiija, IKT, arkiivva, kantiina, girjer\u00e1djosa ja assisteantabargguid. Barggut leat m\u00e1\u014bggal\u00e1ganat ja gelddola\u010d\u010dat, ja g\u00e1ibidit [&hellip;]<\/p>\n","protected":false},"author":1,"featured_media":0,"parent":1803,"menu_order":1,"comment_status":"closed","ping_status":"closed","template":"","meta":{"_acf_changed":false,"_uag_custom_page_level_css":"","site-sidebar-layout":"default","site-content-layout":"","ast-site-content-layout":"default","site-content-style":"default","site-sidebar-style":"default","ast-global-header-display":"","ast-banner-title-visibility":"","ast-main-header-display":"","ast-hfb-above-header-display":"","ast-hfb-below-header-display":"","ast-hfb-mobile-header-display":"","site-post-title":"disabled","ast-breadcrumbs-content":"","ast-featured-img":"","footer-sml-layout":"","ast-disable-related-posts":"","theme-transparent-header-meta":"","adv-header-id-meta":"","stick-header-meta":"","header-above-stick-meta":"","header-main-stick-meta":"","header-below-stick-meta":"","astra-migrate-meta-layouts":"default","ast-page-background-enabled":"default","ast-page-background-meta":{"desktop":{"background-color":"var(--ast-global-color-4)","background-image":"","background-repeat":"repeat","background-position":"center center","background-size":"auto","background-attachment":"scroll","background-type":"","background-media":"","overlay-type":"","overlay-color":"","overlay-opacity":"","overlay-gradient":""},"tablet":{"background-color":"","background-image":"","background-repeat":"repeat","background-position":"center center","background-size":"auto","background-attachment":"scroll","background-type":"","background-media":"","overlay-type":"","overlay-color":"","overlay-opacity":"","overlay-gradient":""},"mobile":{"background-color":"","background-image":"","background-repeat":"repeat","background-position":"center center","background-size":"auto","background-attachment":"scroll","background-type":"","background-media":"","overlay-type":"","overlay-color":"","overlay-opacity":"","overlay-gradient":""}},"ast-content-background-meta":{"desktop":{"background-color":"var(--ast-global-color-5)","background-image":"","background-repeat":"repeat","background-position":"center center","background-size":"auto","background-attachment":"scroll","background-type":"","background-media":"","overlay-type":"","overlay-color":"","overlay-opacity":"","overlay-gradient":""},"tablet":{"background-color":"var(--ast-global-color-5)","background-image":"","background-repeat":"repeat","background-position":"center center","background-size":"auto","background-attachment":"scroll","background-type":"","background-media":"","overlay-type":"","overlay-color":"","overlay-opacity":"","overlay-gradient":""},"mobile":{"background-color":"var(--ast-global-color-5)","background-image":"","background-repeat":"repeat","background-position":"center center","background-size":"auto","background-attachment":"scroll","background-type":"","background-media":"","overlay-type":"","overlay-color":"","overlay-opacity":"","overlay-gradient":""}},"footnotes":""},"class_list":["post-1787","page","type-page","status-publish","hentry"],"acf":[],"yoast_head":"<!-- This site is optimized with the Yoast SEO plugin v26.8 - https:\/\/yoast.com\/product\/yoast-seo-wordpress\/ -->\n<title>H\u00e1lddahus - R\u00e1\u0111\u0111ehusadvok\u00e1htta<\/title>\n<meta name=\"robots\" content=\"index, follow, max-snippet:-1, max-image-preview:large, max-video-preview:-1\" \/>\n<link rel=\"canonical\" href=\"https:\/\/regjeringsadvokaten.no\/se\/karrieara\/halddahus\/\" \/>\n<meta property=\"og:locale\" content=\"se_NO\" \/>\n<meta property=\"og:type\" content=\"article\" \/>\n<meta property=\"og:title\" content=\"H\u00e1lddahus - R\u00e1\u0111\u0111ehusadvok\u00e1htta\" \/>\n<meta property=\"og:description\" content=\"D\u00e1l leat R\u00e1\u0111\u0111ehusadvok\u00e1htaid h\u00e1lddahusas 22 mielbargi. H\u00e1lddahus veahkeha advok\u00e1htaid beaivv\u00e1la\u0161 bargguin ja \u00e1immahu\u0161\u0161et kantuvradoaimmaid nu go ekonomiija, IKT, arkiivva, kantiina, girjer\u00e1djosa ja assisteantabargguid. Barggut leat m\u00e1\u014bggal\u00e1ganat ja gelddola\u010d\u010dat, ja g\u00e1ibidit [&hellip;]\" \/>\n<meta property=\"og:url\" content=\"https:\/\/regjeringsadvokaten.no\/se\/karrieara\/halddahus\/\" \/>\n<meta property=\"og:site_name\" content=\"R\u00e1\u0111\u0111ehusadvok\u00e1htta\" \/>\n<meta property=\"article:modified_time\" content=\"2022-09-13T08:54:32+00:00\" \/>\n<meta property=\"og:image\" content=\"https:\/\/regjeringsadvokaten.no\/wp-content\/uploads\/2022\/06\/damer-prater-kaffe-1024x640.jpg\" \/>\n<meta name=\"twitter:card\" content=\"summary_large_image\" \/>\n<meta name=\"twitter:label1\" content=\"Est. reading time\" \/>\n\t<meta name=\"twitter:data1\" content=\"1 minute\" \/>\n<script type=\"application\/ld+json\" class=\"yoast-schema-graph\">{\"@context\":\"https:\/\/schema.org\",\"@graph\":[{\"@type\":\"WebPage\",\"@id\":\"https:\/\/regjeringsadvokaten.no\/se\/karrieara\/halddahus\/\",\"url\":\"https:\/\/regjeringsadvokaten.no\/se\/karrieara\/halddahus\/\",\"name\":\"H\u00e1lddahus - R\u00e1\u0111\u0111ehusadvok\u00e1htta\",\"isPartOf\":{\"@id\":\"https:\/\/regjeringsadvokaten.no\/se\/#website\"},\"primaryImageOfPage\":{\"@id\":\"https:\/\/regjeringsadvokaten.no\/se\/karrieara\/halddahus\/#primaryimage\"},\"image\":{\"@id\":\"https:\/\/regjeringsadvokaten.no\/se\/karrieara\/halddahus\/#primaryimage\"},\"thumbnailUrl\":\"https:\/\/regjeringsadvokaten.no\/wp-content\/uploads\/2022\/06\/damer-prater-kaffe-1024x640.jpg\",\"datePublished\":\"2022-03-31T11:22:04+00:00\",\"dateModified\":\"2022-09-13T08:54:32+00:00\",\"breadcrumb\":{\"@id\":\"https:\/\/regjeringsadvokaten.no\/se\/karrieara\/halddahus\/#breadcrumb\"},\"inLanguage\":\"se-NO\",\"potentialAction\":[{\"@type\":\"ReadAction\",\"target\":[\"https:\/\/regjeringsadvokaten.no\/se\/karrieara\/halddahus\/\"]}]},{\"@type\":\"ImageObject\",\"inLanguage\":\"se-NO\",\"@id\":\"https:\/\/regjeringsadvokaten.no\/se\/karrieara\/halddahus\/#primaryimage\",\"url\":\"https:\/\/regjeringsadvokaten.no\/wp-content\/uploads\/2022\/06\/damer-prater-kaffe-1024x640.jpg\",\"contentUrl\":\"https:\/\/regjeringsadvokaten.no\/wp-content\/uploads\/2022\/06\/damer-prater-kaffe-1024x640.jpg\"},{\"@type\":\"BreadcrumbList\",\"@id\":\"https:\/\/regjeringsadvokaten.no\/se\/karrieara\/halddahus\/#breadcrumb\",\"itemListElement\":[{\"@type\":\"ListItem\",\"position\":1,\"name\":\"Forsiden\",\"item\":\"https:\/\/regjeringsadvokaten.no\/se\/\"},{\"@type\":\"ListItem\",\"position\":2,\"name\":\"Karrieara\",\"item\":\"https:\/\/regjeringsadvokaten.no\/se\/karrieara\/\"},{\"@type\":\"ListItem\",\"position\":3,\"name\":\"H\u00e1lddahus\"}]},{\"@type\":\"WebSite\",\"@id\":\"https:\/\/regjeringsadvokaten.no\/se\/#website\",\"url\":\"https:\/\/regjeringsadvokaten.no\/se\/\",\"name\":\"R\u00e1\u0111\u0111ehusadvok\u00e1htta\",\"description\":\"R\u00e1\u0111\u0111ehusadvok\u00e1htta lea st\u00e1hta advok\u00e1httakantuvra siviila \u00e1\u0161\u0161iin\",\"publisher\":{\"@id\":\"https:\/\/regjeringsadvokaten.no\/se\/#organization\"},\"potentialAction\":[{\"@type\":\"SearchAction\",\"target\":{\"@type\":\"EntryPoint\",\"urlTemplate\":\"https:\/\/regjeringsadvokaten.no\/se\/?s={search_term_string}\"},\"query-input\":{\"@type\":\"PropertyValueSpecification\",\"valueRequired\":true,\"valueName\":\"search_term_string\"}}],\"inLanguage\":\"se-NO\"},{\"@type\":\"Organization\",\"@id\":\"https:\/\/regjeringsadvokaten.no\/se\/#organization\",\"name\":\"Regjeringsadvokaten\",\"url\":\"https:\/\/regjeringsadvokaten.no\/se\/\",\"logo\":{\"@type\":\"ImageObject\",\"inLanguage\":\"se-NO\",\"@id\":\"https:\/\/regjeringsadvokaten.no\/se\/#\/schema\/logo\/image\/\",\"url\":\"https:\/\/regjeringsadvokaten.no\/wp-content\/uploads\/2022\/05\/RA-og.png\",\"contentUrl\":\"https:\/\/regjeringsadvokaten.no\/wp-content\/uploads\/2022\/05\/RA-og.png\",\"width\":1200,\"height\":630,\"caption\":\"Regjeringsadvokaten\"},\"image\":{\"@id\":\"https:\/\/regjeringsadvokaten.no\/se\/#\/schema\/logo\/image\/\"}}]}<\/script>\n<!-- \/ Yoast SEO plugin. -->","yoast_head_json":{"title":"H\u00e1lddahus - R\u00e1\u0111\u0111ehusadvok\u00e1htta","robots":{"index":"index","follow":"follow","max-snippet":"max-snippet:-1","max-image-preview":"max-image-preview:large","max-video-preview":"max-video-preview:-1"},"canonical":"https:\/\/regjeringsadvokaten.no\/se\/karrieara\/halddahus\/","og_locale":"se_NO","og_type":"article","og_title":"H\u00e1lddahus - R\u00e1\u0111\u0111ehusadvok\u00e1htta","og_description":"D\u00e1l leat R\u00e1\u0111\u0111ehusadvok\u00e1htaid h\u00e1lddahusas 22 mielbargi. H\u00e1lddahus veahkeha advok\u00e1htaid beaivv\u00e1la\u0161 bargguin ja \u00e1immahu\u0161\u0161et kantuvradoaimmaid nu go ekonomiija, IKT, arkiivva, kantiina, girjer\u00e1djosa ja assisteantabargguid. Barggut leat m\u00e1\u014bggal\u00e1ganat ja gelddola\u010d\u010dat, ja g\u00e1ibidit [&hellip;]","og_url":"https:\/\/regjeringsadvokaten.no\/se\/karrieara\/halddahus\/","og_site_name":"R\u00e1\u0111\u0111ehusadvok\u00e1htta","article_modified_time":"2022-09-13T08:54:32+00:00","og_image":[{"url":"https:\/\/regjeringsadvokaten.no\/wp-content\/uploads\/2022\/06\/damer-prater-kaffe-1024x640.jpg","type":"","width":"","height":""}],"twitter_card":"summary_large_image","twitter_misc":{"Est. reading time":"1 minute"},"schema":{"@context":"https:\/\/schema.org","@graph":[{"@type":"WebPage","@id":"https:\/\/regjeringsadvokaten.no\/se\/karrieara\/halddahus\/","url":"https:\/\/regjeringsadvokaten.no\/se\/karrieara\/halddahus\/","name":"H\u00e1lddahus - R\u00e1\u0111\u0111ehusadvok\u00e1htta","isPartOf":{"@id":"https:\/\/regjeringsadvokaten.no\/se\/#website"},"primaryImageOfPage":{"@id":"https:\/\/regjeringsadvokaten.no\/se\/karrieara\/halddahus\/#primaryimage"},"image":{"@id":"https:\/\/regjeringsadvokaten.no\/se\/karrieara\/halddahus\/#primaryimage"},"thumbnailUrl":"https:\/\/regjeringsadvokaten.no\/wp-content\/uploads\/2022\/06\/damer-prater-kaffe-1024x640.jpg","datePublished":"2022-03-31T11:22:04+00:00","dateModified":"2022-09-13T08:54:32+00:00","breadcrumb":{"@id":"https:\/\/regjeringsadvokaten.no\/se\/karrieara\/halddahus\/#breadcrumb"},"inLanguage":"se-NO","potentialAction":[{"@type":"ReadAction","target":["https:\/\/regjeringsadvokaten.no\/se\/karrieara\/halddahus\/"]}]},{"@type":"ImageObject","inLanguage":"se-NO","@id":"https:\/\/regjeringsadvokaten.no\/se\/karrieara\/halddahus\/#primaryimage","url":"https:\/\/regjeringsadvokaten.no\/wp-content\/uploads\/2022\/06\/damer-prater-kaffe-1024x640.jpg","contentUrl":"https:\/\/regjeringsadvokaten.no\/wp-content\/uploads\/2022\/06\/damer-prater-kaffe-1024x640.jpg"},{"@type":"BreadcrumbList","@id":"https:\/\/regjeringsadvokaten.no\/se\/karrieara\/halddahus\/#breadcrumb","itemListElement":[{"@type":"ListItem","position":1,"name":"Forsiden","item":"https:\/\/regjeringsadvokaten.no\/se\/"},{"@type":"ListItem","position":2,"name":"Karrieara","item":"https:\/\/regjeringsadvokaten.no\/se\/karrieara\/"},{"@type":"ListItem","position":3,"name":"H\u00e1lddahus"}]},{"@type":"WebSite","@id":"https:\/\/regjeringsadvokaten.no\/se\/#website","url":"https:\/\/regjeringsadvokaten.no\/se\/","name":"R\u00e1\u0111\u0111ehusadvok\u00e1htta","description":"R\u00e1\u0111\u0111ehusadvok\u00e1htta lea st\u00e1hta advok\u00e1httakantuvra siviila \u00e1\u0161\u0161iin","publisher":{"@id":"https:\/\/regjeringsadvokaten.no\/se\/#organization"},"potentialAction":[{"@type":"SearchAction","target":{"@type":"EntryPoint","urlTemplate":"https:\/\/regjeringsadvokaten.no\/se\/?s={search_term_string}"},"query-input":{"@type":"PropertyValueSpecification","valueRequired":true,"valueName":"search_term_string"}}],"inLanguage":"se-NO"},{"@type":"Organization","@id":"https:\/\/regjeringsadvokaten.no\/se\/#organization","name":"Regjeringsadvokaten","url":"https:\/\/regjeringsadvokaten.no\/se\/","logo":{"@type":"ImageObject","inLanguage":"se-NO","@id":"https:\/\/regjeringsadvokaten.no\/se\/#\/schema\/logo\/image\/","url":"https:\/\/regjeringsadvokaten.no\/wp-content\/uploads\/2022\/05\/RA-og.png","contentUrl":"https:\/\/regjeringsadvokaten.no\/wp-content\/uploads\/2022\/05\/RA-og.png","width":1200,"height":630,"caption":"Regjeringsadvokaten"},"image":{"@id":"https:\/\/regjeringsadvokaten.no\/se\/#\/schema\/logo\/image\/"}}]}},"uagb_featured_image_src":{"full":false,"thumbnail":false,"medium":false,"medium_large":false,"large":false,"1536x1536":false,"2048x2048":false},"uagb_author_info":{"display_name":"Gjerholm AS","author_link":"https:\/\/regjeringsadvokaten.no\/se\/author\/christiangjerholm-no\/"},"uagb_comment_info":0,"uagb_excerpt":"D\u00e1l leat R\u00e1\u0111\u0111ehusadvok\u00e1htaid h\u00e1lddahusas 22 mielbargi. H\u00e1lddahus veahkeha advok\u00e1htaid beaivv\u00e1la\u0161 bargguin ja \u00e1immahu\u0161\u0161et kantuvradoaimmaid nu go ekonomiija, IKT, arkiivva, kantiina, girjer\u00e1djosa ja assisteantabargguid. Barggut leat m\u00e1\u014bggal\u00e1ganat ja gelddola\u010d\u010dat, ja g\u00e1ibidit [&hellip;]","_links":{"self":[{"href":"https:\/\/regjeringsadvokaten.no\/se\/wp-json\/wp\/v2\/pages\/1787","targetHints":{"allow":["GET"]}}],"collection":[{"href":"https:\/\/regjeringsadvokaten.no\/se\/wp-json\/wp\/v2\/pages"}],"about":[{"href":"https:\/\/regjeringsadvokaten.no\/se\/wp-json\/wp\/v2\/types\/page"}],"author":[{"embeddable":true,"href":"https:\/\/regjeringsadvokaten.no\/se\/wp-json\/wp\/v2\/users\/1"}],"replies":[{"embeddable":true,"href":"https:\/\/regjeringsadvokaten.no\/se\/wp-json\/wp\/v2\/comments?post=1787"}],"version-history":[{"count":2,"href":"https:\/\/regjeringsadvokaten.no\/se\/wp-json\/wp\/v2\/pages\/1787\/revisions"}],"predecessor-version":[{"id":2051,"href":"https:\/\/regjeringsadvokaten.no\/se\/wp-json\/wp\/v2\/pages\/1787\/revisions\/2051"}],"up":[{"embeddable":true,"href":"https:\/\/regjeringsadvokaten.no\/se\/wp-json\/wp\/v2\/pages\/1803"}],"wp:attachment":[{"href":"https:\/\/regjeringsadvokaten.no\/se\/wp-json\/wp\/v2\/media?parent=1787"}],"curies":[{"name":"wp","href":"https:\/\/api.w.org\/{rel}","templated":true}]}}