{"id":3,"date":"2022-03-09T17:40:51","date_gmt":"2022-03-09T16:40:51","guid":{"rendered":"https:\/\/regjeringsadvokaten.no\/?page_id=3"},"modified":"2022-09-08T14:48:30","modified_gmt":"2022-09-08T12:48:30","slug":"personvernerklaering","status":"publish","type":"page","link":"https:\/\/regjeringsadvokaten.no\/en\/personvernerklaering\/","title":{"rendered":"Personvernerkl\u00e6ring"},"content":{"rendered":"\n<section class=\"wp-block-uagb-columns uagb-columns__wrap uagb-columns__background-color uagb-columns__stack-mobile uagb-columns__valign- uagb-columns__gap-10 alignfull uagb-block-8022528f uagb-columns__columns-1 uagb-columns__max_width-theme page-title-container\"><div class=\"uagb-columns__overlay\"><\/div><div class=\"uagb-columns__inner-wrap uagb-columns__columns-1\">\n<div class=\"wp-block-uagb-column uagb-column__wrap uagb-column__background-undefined uagb-block-0ed3689a\"><div class=\"uagb-column__overlay\"><\/div><h1 class=\"wp-block-post-title\">Personvernerkl\u00e6ring<\/h1>\n\n\n<p>Denne personvernerkl\u00e6ringen gjelder for Regjeringsadvokaten (\u00abRA\u00bb, \u00abvi\u00bb). RA er behandlingsansvarlig for personopplysninger som er beskrevet i denne personvernerkl\u00e6ringen. Du finner kontaktinformasjonen v\u00e5r nedenfor.<br>RA er opptatt av ditt personvern og behandler personopplysninger i samsvar med den til enhver tid gjeldende personvernlovgivning, herunder EUs personvernforordning. Denne personvernerkl\u00e6ringen inneholder blant annet informasjon om hvordan RA behandler dine personopplysninger og hvilke rettigheter du har.<\/p>\n<\/div>\n<\/div><\/section>\n\n\n\n<h2 class=\"wp-block-heading\">Hvem vi behandler personopplysninger om<\/h2>\n\n\n\n<p>Denne personvernerkl\u00e6ringen retter seg mot RAs behandling av personopplysninger om f\u00f8lgende personer:<br>\u2022 Kontaktpersoner hos klienter (departement eller etater)<br>\u2022 Kontaktpersoner hos leverand\u00f8rer, andre offentlige etater og samarbeidspartnere<br>\u2022 Klienter som er privatpersoner<br>\u2022 Personer som er involvert i saker RA bist\u00e5r i<br>\u2022 Andre personer som er omtalt i saksdokumenter RA f\u00e5r tilgang til<\/p>\n\n\n\n<h2 class=\"wp-block-heading\">Form\u00e5l, typer personopplysninger og rettslig grunnlag<\/h2>\n\n\n\n<p>Nedenfor har vi gitt en oversikt over hvilke form\u00e5l vi behandler personopplysninger for, hvilke typer personopplysninger vi behandler og det rettslige grunnlaget for behandlingen.<br>Etablering av klientforhold<br>N\u00e5r vi kontaktes av et departement eller etat med foresp\u00f8rsel om vi kan ta et oppdrag, vil oppdraget kunne tilsi at vi m\u00e5 foreta en uavhengighetssjekk internt (konfliktavklaring) f\u00f8r vi bekrefter oppdraget. Dette gjelder ogs\u00e5 i saker der et departement eller en etat anmoder RA om \u00e5 bist\u00e5 en offentlig ansatt privatperson.<br>Uavhengighetssjekken tjener et legitimt form\u00e5l og har grunnlag i GDPR artikkel 6 nr. 1 bokstav f (interesseavveining). Generelt sett vil ikke konfliktsjekk p\u00e5 vegne av departement og etater inneb\u00e6re behandling av personopplysninger. Konfliktsjekk av privatpersoner omfatter som regel fullt navn og hva saken gjelder.<br>Dersom RA kan ta oppdraget, registreres kontaktinformasjon (navn, stilling\/ tittel, adresser og telefonnummer). Tilsvarende opplysninger vil bli registrert for eventuelle motparter og\/ eller deres representanter. For departement og andre etater bygger registreringen av kontaktopplysninger p\u00e5 en interesseavveining, jf. GDPR artikkel 6 nr. 1 bokstav f.<br>Registreringen av kontaktopplysninger for privatkunder er n\u00f8dvendig for \u00e5 kunne bist\u00e5 vedkommende, jf. GDPR artikkel 6 nr. 1 bokstav b.<br>Saksh\u00e5ndtering<br>Mange advokatoppdrag inneb\u00e6rer at vi f\u00e5r tilgang til personopplysninger om parter eller andre enkeltpersoner som ber\u00f8res av en sak. Slike opplysninger kan bl.a. fremkomme av dokumenter klienten oversender, dokumenter RA mottar fra en motpart til klienten, dokumenter RA selv innhenter fra offentlige organer eller andre, eller annen korrespondanse i saken. Behandlingen av personopplysninger i forbindelse med oppdrag for departement og andre etater er forankret i GDPR artikkel 6 nr. 1 bokstav f (interesseavveining).<br>I en del saker f\u00e5r vi ogs\u00e5 tilgang til sensitive personopplysninger, f.eks. helseopplysninger eller straffedommer og lovovertredelser. I slike tilfeller har behandlingen av opplysningene grunnlag i GDPR artikkel 9 nr. 2 bokstav f (behandlingen er n\u00f8dvendig for \u00e5 fastsette, gj\u00f8re gjeldende eller forsvare et rettskrav), jf. personopplysningsloven 15. juni 2018 nr. 38 \u00a7 11.<br>Kunnskapsforvaltning<br>Kunnskap er en del av basisen for RAs virksomhet, og en del av fundamentet for at vi effektivt skal kunne tilby v\u00e5re klienter et bredt spekter av tjenester av h\u00f8yeste kvalitet. Internt kunnskapsarbeid er derfor viktig for RA.<br>Dokumentasjon som lagres i RAs kunnskapsdatabase (Tantor), inneholder i liten grad personopplysninger. Der personopplysninger ikke er av betydning for \u00e5 sikre kunnskap om et forhold for fremtiden, skal dokumenter som legges inn i databasen anonymiseres.<br>V\u00e5rt saksbehandlingssystem kan i tillegg generere presedenskort med en kort beskrivelse av en sak, h\u00e5ndteringen av denne og eventuelt utfall. Presedenskort vil inneholde navn p\u00e5 motparter som er privatpersoner. For \u00f8vrig vil presedenskort kun inneholde personopplysninger der dette er n\u00f8dvendig for \u00e5 beskrive saken.<br>Behandlingsgrunnlaget er v\u00e5r interesse i \u00e5 nyttiggj\u00f8re opparbeidet kunnskap i videre r\u00e5dgivning og bistand i rettssaker, jf. GDPR artikkel 6 nr. 1 bokstav f (interesseavveining).<br>Klientadministrasjon<br>Det opprettes egne saksmapper for oppdrag som utf\u00f8res p\u00e5 vegne av klienten. Kostnader som er p\u00e5l\u00f8pt p\u00e5 en sak registreres i v\u00e5rt regnskapssystem. Anvendt tid vil kunne registreres i forbindelse med rettssaker for \u00e5 underbygge krav om sakskostnader etter tvisteloven kapittel 20.<br>Behandlingsgrunnlaget for opplysninger i forbindelse med klientadministrasjon er GDPR artikkel 6 nr. 1 bokstav c (rettslig forpliktelse) og\/eller bokstav f (interesseavveining).<\/p>\n\n\n\n<p><\/p>\n\n\n\n<h2 class=\"wp-block-heading\">Lagring og oppbevaring av saksdokumenter<\/h2>\n\n\n\n<p>Etter at et oppdrag er avsluttet, vil saken bli arkivert i v\u00e5rt saksbehandlingssystem. Alle saksdokumenter arkiveres elektronisk, og eventuelle papirkopier blir makulert. Arkivet er organisert og innrettet slik at dokumentene er sikret som informasjonskilder i samtid og i<br>fremtiden i henhold til arkivloven med tilh\u00f8rende forskrifter og regelverk. Arkiverte saker avleveres til Riksarkivet i henhold til de til enhver tid gjeldende bestemmelser.<br>Lagring som angitt over f\u00f8lger av krav i arkivloven m.v., og er vurdert som n\u00f8dvendig av hensyn til \u00e5 oppfylle lovp\u00e5lagte oppgaver. Lagring og oppbevaring er ogs\u00e5 vurdert n\u00f8dvendig av hensyn til v\u00e5re klienter og for RAs egen del, siden det i ettertid kan komme opp sp\u00f8rsm\u00e5l eller en tvist hvor den informasjonen som er lagret p\u00e5 en sak igjen kan bli aktuell. Det rettslige grunnlaget for behandling av personopplysninger er GDPR artikkel 5 nr. 1 bokstav e, artikkel 6 nr. 1 bokstav c (n\u00f8dvendig for \u00e5 oppfylle en rettslig forpliktelse), bokstav f (interesseavveining, jf. den legitime interessen angitt over) og artikkel 9 nr. 2 bokstav f (fastsette, gj\u00f8re gjeldende eller forsvare rettskrav), jf. personopplysningsloven \u00a7 11.<\/p>\n\n\n\n<h2 class=\"wp-block-heading\">IT\u2010drift og sikkerhet<\/h2>\n\n\n\n<p>Personopplysninger som er lagret i v\u00e5re IT\u2010systemer vil kunne v\u00e6re tilgjengelige for oss eller for v\u00e5re leverand\u00f8rer i forbindelse med oppdateringer av systemer, implementering eller oppf\u00f8lging av sikkerhetstiltak, feilretting eller annet vedlikehold. Vi har vedtatt interne IT\u2010 retningslinjer, og vi foretar jevnlig oppl\u00e6ring av ansatte med hensyn til sikkerhet og bruk av IT\u2010systemer.<br>Vi har etablert prosedyrer for \u00e5 h\u00e5ndtere personopplysninger p\u00e5 en sikker m\u00e5te, jf. GDPR artikkel 32. Tiltakene er b\u00e5de av teknisk, og organisatorisk art. Vi foretar jevnlige vurderinger av sikkerheten i alle sentrale systemer som benyttes for h\u00e5ndtering og overf\u00f8ring av personopplysninger, og det er inng\u00e5tt avtaler som p\u00e5legger leverand\u00f8rer av slike systemer \u00e5 s\u00f8rge for tilfredsstillende informasjonssikkerhet.<br>Tilgang til personopplysninger (og klient\u2010\/saksinformasjon) er begrenset til personell som har behov for tilgang for \u00e5 utf\u00f8re sine oppgaver, jf. GDPR artikkel 6 nr. 1 bokstav c.<\/p>\n\n\n\n<p><\/p>\n\n\n\n<h2 class=\"wp-block-heading\">Hvem vi deler personopplysninger med<\/h2>\n\n\n\n<p>Personopplysninger som fremkommer i forbindelse med en sak vil n\u00e5r saken krever det, kunne bli gitt til domstoler, motparter og eventuelt andre involverte offentlige organer. I internasjonale saker som saker for Den europeiske menneskerettsdomstol (EMD), EU\u2010 domstolen og EFTA\u2010domstolen, vil personopplysninger i saken kunne bli delt med mottakere utenfor Norge.<br>V\u00e5re leverand\u00f8rer av IT\u2010tjenester vil kunne ha tilgang til personopplysninger dersom personopplysninger er lagret hos leverand\u00f8ren eller p\u00e5 annen m\u00e5te er tilgjengelig for leverand\u00f8ren i henhold til kontrakten med oss. Leverand\u00f8rene opptrer i henhold til databehandleravtale og under v\u00e5r instruks. Leverand\u00f8ren kan bare benytte personopplysningene for de form\u00e5lene vi har bestemt og som er beskrevet i denne personvernerkl\u00e6ringen.<br>Advokater er underlagt en straffesanksjonert taushetsplikt som f\u00f8lger av straffeloven \u00a7 111. Alle opplysninger som blir betrodd oss i forbindelse med et oppdrag blir h\u00e5ndtert konfidensielt.<br>Vi utleverer ikke personopplysninger i andre tilfeller eller p\u00e5 andre m\u00e5ter enn dem som er beskrevet i denne personvernerkl\u00e6ringen med mindre klienten eksplisitt oppfordrer til eller samtykker til dette eller utleveringen er lovp\u00e5lagt.<\/p>\n\n\n\n<p><\/p>\n\n\n\n<h2 class=\"wp-block-heading\">Dine rettigheter<\/h2>\n\n\n\n<p>Du har rettigheter i personopplysninger som omhandler deg. Hvilke rettigheter du har, avhenger av omstendighetene.<br>Trekke samtykke tilbake: Dersom behandling av personopplysninger om deg har grunnlag i samtykke, kan du n\u00e5r som helst trekke ditt samtykke tilbake med henblikk p\u00e5 denne behandlingen ved \u00e5 rette en henvendelse til oss om dette.<br>Be om innsyn: Du har rett til innsyn i hvilke personopplysninger vi har registrert om deg, s\u00e5 langt ikke taushetsplikten for advokater eller annen taushetsplikt er til hinder for dette.<br>For \u00e5 sikre at personopplysninger utleveres til rett person, kan vi stille krav om at begj\u00e6ring om innsyn skjer skriftlig eller at identitet verifiseres p\u00e5 annen m\u00e5te.<br>Be om retting eller sletting: Du kan be oss om \u00e5 rette feilaktige opplysninger vi har om deg eller be oss om \u00e5 slette personopplysninger. Vi vil s\u00e5 langt som mulig im\u00f8tekomme en foresp\u00f8rsel om \u00e5 slette personopplysninger, men vi kan ikke gj\u00f8re dette dersom det er tungtveiende grunner for ikke \u00e5 slette, for eksempel at vi m\u00e5 lagre opplysningene av dokumentasjonshensyn.<br>Klage til tilsynsmyndigheten: Dersom du er uenig i m\u00e5ten vi behandler dine personopplysninger p\u00e5, kan du sende inn en klage til Datatilsynet.<\/p>\n\n\n\n<h2 class=\"wp-block-heading\">Endringer i personvernerkl\u00e6ringen<\/h2>\n\n\n\n<p>Vi vil kunne gj\u00f8re endringer i denne personvernerkl\u00e6ringen. Du vil alltid finne siste versjon p\u00e5 v\u00e5r nettside.<\/p>\n\n\n\n<h2 class=\"wp-block-heading\">Kontakt oss<\/h2>\n\n\n\n<p>Dersom du har sp\u00f8rsm\u00e5l eller kommentarer til v\u00e5r personvernerkl\u00e6ring eller du vil ut\u00f8ve dine rettigheter, kan du ta kontakt med oss: <a href=\"https:\/\/regjeringsadvokaten.no\/kontakt\/\" target=\"_blank\" rel=\"noreferrer noopener\">Kontaktinformasjon<\/a><\/p>\n\n\n\n<h2 class=\"wp-block-heading\"><\/h2>\n","protected":false},"excerpt":{"rendered":"<p>Denne personvernerkl\u00e6ringen gjelder for Regjeringsadvokaten (\u00abRA\u00bb, \u00abvi\u00bb). RA er behandlingsansvarlig for personopplysninger som er beskrevet i denne personvernerkl\u00e6ringen. Du finner kontaktinformasjonen v\u00e5r nedenfor.RA er opptatt av ditt personvern og behandler [&hellip;]<\/p>\n","protected":false},"author":1,"featured_media":0,"parent":0,"menu_order":11,"comment_status":"closed","ping_status":"closed","template":"","meta":{"_acf_changed":false,"_uag_custom_page_level_css":"","site-sidebar-layout":"default","site-content-layout":"","ast-site-content-layout":"default","site-content-style":"default","site-sidebar-style":"default","ast-global-header-display":"","ast-banner-title-visibility":"","ast-main-header-display":"","ast-hfb-above-header-display":"","ast-hfb-below-header-display":"","ast-hfb-mobile-header-display":"","site-post-title":"disabled","ast-breadcrumbs-content":"disabled","ast-featured-img":"","footer-sml-layout":"","ast-disable-related-posts":"","theme-transparent-header-meta":"","adv-header-id-meta":null,"stick-header-meta":null,"header-above-stick-meta":null,"header-main-stick-meta":null,"header-below-stick-meta":null,"astra-migrate-meta-layouts":"default","ast-page-background-enabled":"default","ast-page-background-meta":{"desktop":{"background-color":"var(--ast-global-color-4)","background-image":"","background-repeat":"repeat","background-position":"center center","background-size":"auto","background-attachment":"scroll","background-type":"","background-media":"","overlay-type":"","overlay-color":"","overlay-opacity":"","overlay-gradient":""},"tablet":{"background-color":"","background-image":"","background-repeat":"repeat","background-position":"center center","background-size":"auto","background-attachment":"scroll","background-type":"","background-media":"","overlay-type":"","overlay-color":"","overlay-opacity":"","overlay-gradient":""},"mobile":{"background-color":"","background-image":"","background-repeat":"repeat","background-position":"center center","background-size":"auto","background-attachment":"scroll","background-type":"","background-media":"","overlay-type":"","overlay-color":"","overlay-opacity":"","overlay-gradient":""}},"ast-content-background-meta":{"desktop":{"background-color":"var(--ast-global-color-5)","background-image":"","background-repeat":"repeat","background-position":"center center","background-size":"auto","background-attachment":"scroll","background-type":"","background-media":"","overlay-type":"","overlay-color":"","overlay-opacity":"","overlay-gradient":""},"tablet":{"background-color":"var(--ast-global-color-5)","background-image":"","background-repeat":"repeat","background-position":"center center","background-size":"auto","background-attachment":"scroll","background-type":"","background-media":"","overlay-type":"","overlay-color":"","overlay-opacity":"","overlay-gradient":""},"mobile":{"background-color":"var(--ast-global-color-5)","background-image":"","background-repeat":"repeat","background-position":"center center","background-size":"auto","background-attachment":"scroll","background-type":"","background-media":"","overlay-type":"","overlay-color":"","overlay-opacity":"","overlay-gradient":""}},"footnotes":""},"class_list":["post-3","page","type-page","status-publish","hentry"],"acf":[],"yoast_head":"<!-- This site is optimized with the Yoast SEO plugin v26.8 - https:\/\/yoast.com\/product\/yoast-seo-wordpress\/ -->\n<title>Personvernerkl\u00e6ring - Attorney General Of Civil Affairs<\/title>\n<meta name=\"robots\" content=\"index, follow, max-snippet:-1, max-image-preview:large, max-video-preview:-1\" \/>\n<link rel=\"canonical\" href=\"https:\/\/regjeringsadvokaten.no\/en\/personvernerklaering\/\" \/>\n<meta property=\"og:locale\" content=\"en_US\" \/>\n<meta property=\"og:type\" content=\"article\" \/>\n<meta property=\"og:title\" content=\"Personvernerkl\u00e6ring - Attorney General Of Civil Affairs\" \/>\n<meta property=\"og:description\" content=\"Denne personvernerkl\u00e6ringen gjelder for Regjeringsadvokaten (\u00abRA\u00bb, \u00abvi\u00bb). RA er behandlingsansvarlig for personopplysninger som er beskrevet i denne personvernerkl\u00e6ringen. Du finner kontaktinformasjonen v\u00e5r nedenfor.RA er opptatt av ditt personvern og behandler [&hellip;]\" \/>\n<meta property=\"og:url\" content=\"https:\/\/regjeringsadvokaten.no\/en\/personvernerklaering\/\" \/>\n<meta property=\"og:site_name\" content=\"Attorney General Of Civil Affairs\" \/>\n<meta property=\"article:modified_time\" content=\"2022-09-08T12:48:30+00:00\" \/>\n<meta name=\"twitter:card\" content=\"summary_large_image\" \/>\n<meta name=\"twitter:label1\" content=\"Est. reading time\" \/>\n\t<meta name=\"twitter:data1\" content=\"8 minutes\" \/>\n<script type=\"application\/ld+json\" class=\"yoast-schema-graph\">{\"@context\":\"https:\/\/schema.org\",\"@graph\":[{\"@type\":\"WebPage\",\"@id\":\"https:\/\/regjeringsadvokaten.no\/en\/personvernerklaering\/\",\"url\":\"https:\/\/regjeringsadvokaten.no\/en\/personvernerklaering\/\",\"name\":\"Personvernerkl\u00e6ring - Attorney General Of Civil Affairs\",\"isPartOf\":{\"@id\":\"https:\/\/regjeringsadvokaten.no\/en\/#website\"},\"datePublished\":\"2022-03-09T16:40:51+00:00\",\"dateModified\":\"2022-09-08T12:48:30+00:00\",\"breadcrumb\":{\"@id\":\"https:\/\/regjeringsadvokaten.no\/en\/personvernerklaering\/#breadcrumb\"},\"inLanguage\":\"en-US\",\"potentialAction\":[{\"@type\":\"ReadAction\",\"target\":[\"https:\/\/regjeringsadvokaten.no\/en\/personvernerklaering\/\"]}]},{\"@type\":\"BreadcrumbList\",\"@id\":\"https:\/\/regjeringsadvokaten.no\/en\/personvernerklaering\/#breadcrumb\",\"itemListElement\":[{\"@type\":\"ListItem\",\"position\":1,\"name\":\"Forsiden\",\"item\":\"https:\/\/regjeringsadvokaten.no\/en\/\"},{\"@type\":\"ListItem\",\"position\":2,\"name\":\"Personvernerkl\u00e6ring\"}]},{\"@type\":\"WebSite\",\"@id\":\"https:\/\/regjeringsadvokaten.no\/en\/#website\",\"url\":\"https:\/\/regjeringsadvokaten.no\/en\/\",\"name\":\"Attorney General Of Civil Affairs\",\"description\":\"The Office of the Attorney General is the Norwegian state\u2019s legal office in civil lawsuits\",\"publisher\":{\"@id\":\"https:\/\/regjeringsadvokaten.no\/en\/#organization\"},\"potentialAction\":[{\"@type\":\"SearchAction\",\"target\":{\"@type\":\"EntryPoint\",\"urlTemplate\":\"https:\/\/regjeringsadvokaten.no\/en\/?s={search_term_string}\"},\"query-input\":{\"@type\":\"PropertyValueSpecification\",\"valueRequired\":true,\"valueName\":\"search_term_string\"}}],\"inLanguage\":\"en-US\"},{\"@type\":\"Organization\",\"@id\":\"https:\/\/regjeringsadvokaten.no\/en\/#organization\",\"name\":\"Regjeringsadvokaten\",\"url\":\"https:\/\/regjeringsadvokaten.no\/en\/\",\"logo\":{\"@type\":\"ImageObject\",\"inLanguage\":\"en-US\",\"@id\":\"https:\/\/regjeringsadvokaten.no\/en\/#\/schema\/logo\/image\/\",\"url\":\"https:\/\/regjeringsadvokaten.no\/wp-content\/uploads\/2022\/05\/RA-og.png\",\"contentUrl\":\"https:\/\/regjeringsadvokaten.no\/wp-content\/uploads\/2022\/05\/RA-og.png\",\"width\":1200,\"height\":630,\"caption\":\"Regjeringsadvokaten\"},\"image\":{\"@id\":\"https:\/\/regjeringsadvokaten.no\/en\/#\/schema\/logo\/image\/\"}}]}<\/script>\n<!-- \/ Yoast SEO plugin. -->","yoast_head_json":{"title":"Personvernerkl\u00e6ring - Attorney General Of Civil Affairs","robots":{"index":"index","follow":"follow","max-snippet":"max-snippet:-1","max-image-preview":"max-image-preview:large","max-video-preview":"max-video-preview:-1"},"canonical":"https:\/\/regjeringsadvokaten.no\/en\/personvernerklaering\/","og_locale":"en_US","og_type":"article","og_title":"Personvernerkl\u00e6ring - Attorney General Of Civil Affairs","og_description":"Denne personvernerkl\u00e6ringen gjelder for Regjeringsadvokaten (\u00abRA\u00bb, \u00abvi\u00bb). RA er behandlingsansvarlig for personopplysninger som er beskrevet i denne personvernerkl\u00e6ringen. Du finner kontaktinformasjonen v\u00e5r nedenfor.RA er opptatt av ditt personvern og behandler [&hellip;]","og_url":"https:\/\/regjeringsadvokaten.no\/en\/personvernerklaering\/","og_site_name":"Attorney General Of Civil Affairs","article_modified_time":"2022-09-08T12:48:30+00:00","twitter_card":"summary_large_image","twitter_misc":{"Est. reading time":"8 minutes"},"schema":{"@context":"https:\/\/schema.org","@graph":[{"@type":"WebPage","@id":"https:\/\/regjeringsadvokaten.no\/en\/personvernerklaering\/","url":"https:\/\/regjeringsadvokaten.no\/en\/personvernerklaering\/","name":"Personvernerkl\u00e6ring - Attorney General Of Civil Affairs","isPartOf":{"@id":"https:\/\/regjeringsadvokaten.no\/en\/#website"},"datePublished":"2022-03-09T16:40:51+00:00","dateModified":"2022-09-08T12:48:30+00:00","breadcrumb":{"@id":"https:\/\/regjeringsadvokaten.no\/en\/personvernerklaering\/#breadcrumb"},"inLanguage":"en-US","potentialAction":[{"@type":"ReadAction","target":["https:\/\/regjeringsadvokaten.no\/en\/personvernerklaering\/"]}]},{"@type":"BreadcrumbList","@id":"https:\/\/regjeringsadvokaten.no\/en\/personvernerklaering\/#breadcrumb","itemListElement":[{"@type":"ListItem","position":1,"name":"Forsiden","item":"https:\/\/regjeringsadvokaten.no\/en\/"},{"@type":"ListItem","position":2,"name":"Personvernerkl\u00e6ring"}]},{"@type":"WebSite","@id":"https:\/\/regjeringsadvokaten.no\/en\/#website","url":"https:\/\/regjeringsadvokaten.no\/en\/","name":"Attorney General Of Civil Affairs","description":"The Office of the Attorney General is the Norwegian state\u2019s legal office in civil lawsuits","publisher":{"@id":"https:\/\/regjeringsadvokaten.no\/en\/#organization"},"potentialAction":[{"@type":"SearchAction","target":{"@type":"EntryPoint","urlTemplate":"https:\/\/regjeringsadvokaten.no\/en\/?s={search_term_string}"},"query-input":{"@type":"PropertyValueSpecification","valueRequired":true,"valueName":"search_term_string"}}],"inLanguage":"en-US"},{"@type":"Organization","@id":"https:\/\/regjeringsadvokaten.no\/en\/#organization","name":"Regjeringsadvokaten","url":"https:\/\/regjeringsadvokaten.no\/en\/","logo":{"@type":"ImageObject","inLanguage":"en-US","@id":"https:\/\/regjeringsadvokaten.no\/en\/#\/schema\/logo\/image\/","url":"https:\/\/regjeringsadvokaten.no\/wp-content\/uploads\/2022\/05\/RA-og.png","contentUrl":"https:\/\/regjeringsadvokaten.no\/wp-content\/uploads\/2022\/05\/RA-og.png","width":1200,"height":630,"caption":"Regjeringsadvokaten"},"image":{"@id":"https:\/\/regjeringsadvokaten.no\/en\/#\/schema\/logo\/image\/"}}]}},"uagb_featured_image_src":{"full":false,"thumbnail":false,"medium":false,"medium_large":false,"large":false,"1536x1536":false,"2048x2048":false},"uagb_author_info":{"display_name":"Gjerholm AS","author_link":"https:\/\/regjeringsadvokaten.no\/en\/author\/christiangjerholm-no\/"},"uagb_comment_info":0,"uagb_excerpt":"Denne personvernerkl\u00e6ringen gjelder for Regjeringsadvokaten (\u00abRA\u00bb, \u00abvi\u00bb). RA er behandlingsansvarlig for personopplysninger som er beskrevet i denne personvernerkl\u00e6ringen. Du finner kontaktinformasjonen v\u00e5r nedenfor.RA er opptatt av ditt personvern og behandler [&hellip;]","_links":{"self":[{"href":"https:\/\/regjeringsadvokaten.no\/en\/wp-json\/wp\/v2\/pages\/3","targetHints":{"allow":["GET"]}}],"collection":[{"href":"https:\/\/regjeringsadvokaten.no\/en\/wp-json\/wp\/v2\/pages"}],"about":[{"href":"https:\/\/regjeringsadvokaten.no\/en\/wp-json\/wp\/v2\/types\/page"}],"author":[{"embeddable":true,"href":"https:\/\/regjeringsadvokaten.no\/en\/wp-json\/wp\/v2\/users\/1"}],"replies":[{"embeddable":true,"href":"https:\/\/regjeringsadvokaten.no\/en\/wp-json\/wp\/v2\/comments?post=3"}],"version-history":[{"count":12,"href":"https:\/\/regjeringsadvokaten.no\/en\/wp-json\/wp\/v2\/pages\/3\/revisions"}],"predecessor-version":[{"id":1841,"href":"https:\/\/regjeringsadvokaten.no\/en\/wp-json\/wp\/v2\/pages\/3\/revisions\/1841"}],"wp:attachment":[{"href":"https:\/\/regjeringsadvokaten.no\/en\/wp-json\/wp\/v2\/media?parent=3"}],"curies":[{"name":"wp","href":"https:\/\/api.w.org\/{rel}","templated":true}]}}